{"id":740,"date":"2024-02-15T11:07:27","date_gmt":"2024-02-15T08:07:27","guid":{"rendered":"http:\/\/fethiyejenerator.com\/?post_type=product&#038;p=740"},"modified":"2024-02-15T11:07:28","modified_gmt":"2024-02-15T08:07:28","slug":"gjc27","status":"publish","type":"product","link":"https:\/\/fethiyejenerator.com\/en\/product\/gjc27\/","title":{"rendered":"GJC27"},"content":{"rendered":"<h4>Generator Set<\/h4>\n<table>\n<tbody>\n<tr>\n<th>Generator Brand<\/th>\n<th>Origin<\/th>\n<th>Model<\/th>\n<th>Standby Power<\/th>\n<th>Prime Power<\/th>\n<th>Frequency<\/th>\n<th>Voltage<\/th>\n<th>Phase Number<\/th>\n<th>Fuel<\/th>\n<th>Control Panel<\/th>\n<\/tr>\n<tr>\n<td>G\u00fc\u00e7bir Generator<\/td>\n<td>Turkey<\/td>\n<td>GJC27<\/td>\n<td>27 kVA<\/td>\n<td>25 kVA<\/td>\n<td>50 Hz<\/td>\n<td>230\/400 V<\/td>\n<td>3<\/td>\n<td>Diesel<\/td>\n<td>Datakom GB500<\/td>\n<\/tr>\n<\/tbody>\n<\/table>\n<h4>Engine<\/h4>\n<table>\n<tbody>\n<tr>\n<th>Engine Brand<\/th>\n<th>Origin<\/th>\n<th>Model<\/th>\n<th>Engine Type<\/th>\n<th>Injection Type<\/th>\n<th>Ventilation Type<\/th>\n<th>Governor Type<\/th>\n<th>Number and Type of Cylinders<\/th>\n<th>Cylinder Diameter and Length<\/th>\n<th>Cylinder Volume<\/th>\n<\/tr>\n<tr>\n<td>Cummins<\/td>\n<td>Far East<\/td>\n<td>X2.5G2<\/td>\n<td>4-Stroke, Diesel<\/td>\n<td>Direct<\/td>\n<td>Natural Cooling<\/td>\n<td>Electronics<\/td>\n<td>3<\/td>\n<td>91.4 \u00d7 127 mm<\/td>\n<td>2.5 liters.<\/td>\n<\/tr>\n<\/tbody>\n<\/table>\n<table>\n<tbody>\n<tr>\n<th>Cooling Type<\/th>\n<th>Compression Ratio<\/th>\n<th>%50 Y\u00fckte Yak\u0131t Sarfiyat\u0131<\/th>\n<th>%75 Y\u00fckte Yak\u0131t Sarfiyat\u0131<\/th>\n<th>%100 Y\u00fckte Yak\u0131t Sarfiyat\u0131<\/th>\n<th>%110 Y\u00fckte Yak\u0131t Sarfiyat\u0131<\/th>\n<th>Oil Consumption at Full Load<\/th>\n<th>Total Oil Capacity<\/th>\n<th>Total cooling water capacity<\/th>\n<\/tr>\n<tr>\n<td>Water Cooled<\/td>\n<td><\/td>\n<td>3.5 lt\/s<\/td>\n<td>4.8 lt\/s<\/td>\n<td>6 lt\/s<\/td>\n<td>6.5 lt\/s<\/td>\n<td>&lt;0.5%<\/td>\n<td>8.5 lt<\/td>\n<td>16 lt<\/td>\n<\/tr>\n<\/tbody>\n<\/table>\n<h4>Alternator<\/h4>\n<p>Maranello, Stamford and Leroy Somer are the Alternator brands you can choose with Perkins series.<\/p>\n<h4>Standard Equipments<\/h4>\n<ul>\n<li>Water-cooled, Heavy-duty diesel engine<\/li>\n<li>Tropical Radiator and mechanical fan<\/li>\n<li>Protective cage to prevent touching rotating and hot parts<\/li>\n<li>Electric starter and charging alternator<\/li>\n<li>Lead acid maintenance free battery, cables and stand<\/li>\n<li>Engine block water heater with thermostat<\/li>\n<li>Steel chassis and anti-vibration mounts<\/li>\n<li>Inside the generator chassis min. 8-hour fuel tank<\/li>\n<li>Flexible fuel connection hoses<\/li>\n<li>Single bearing alternator with H insulation class<\/li>\n<li>Silencer in industrial capacity<\/li>\n<li>Electronic battery charger<\/li>\n<li>Operating and installation instructions<\/li>\n<\/ul>\n<h4>Optional Equipment<\/h4>\n<p><strong>Motor:<\/strong><\/p>\n<ul>\n<li>Electronic governor option for mechanical governor motors<\/li>\n<li>Fuel-water separator filter<\/li>\n<li>Oil heater<\/li>\n<li>Heating spark plug<\/li>\n<\/ul>\n<p><strong>Alternator<\/strong><\/p>\n<ul>\n<li>Heater, anti-humidity<\/li>\n<li>Output switch<\/li>\n<\/ul>\n<p><strong>Control Panel<\/strong><\/p>\n<ul>\n<li>Charging ammeter<\/li>\n<li>Deep Sea control module<\/li>\n<li>Emko Control Module<\/li>\n<li>ComAp Control Module<\/li>\n<\/ul>\n<p><strong>Transfer Board<\/strong><\/p>\n<ul>\n<li>Three-pole contactor<\/li>\n<li>Four-pole contactor<\/li>\n<li>Three- or four-pole motorized output switch<\/li>\n<li>Three or four pole changeover<\/li>\n<\/ul>\n<p><strong>Auxiliary Equipment:<\/strong><\/p>\n<ul>\n<li>External type fuel tank<\/li>\n<li>Large fuel tank<\/li>\n<li>Automatic or manual refueling system<\/li>\n<li>Oil drain, hand pump<\/li>\n<li>Low and high fuel level alarm<\/li>\n<li>Exhaust silencer, residential type<\/li>\n<li>Enclosure cabinet; soundproof type or open space type<\/li>\n<li>Trailers<\/li>\n<li>Tool kit (for maintenance)<\/li>\n<\/ul>","protected":false},"excerpt":{"rendered":"<p>For more detailed information about the product and for all your other questions, please contact us. <a href=\"\/en\/iletisim\/\"><strong>communication<\/strong><\/a> you can move on.<\/p>\n<p><strong>Generator Datasheets:\u00a0<\/strong><\/p>\n<ul>\n<li><a href=\"\/wp-content\/uploads\/2024\/02\/GJC27-TR.pdf\">Generator<\/a><\/li>\n<\/ul>","protected":false},"featured_media":261,"template":"","meta":{"_themeisle_gutenberg_block_has_review":false},"product_brand":[],"product_cat":[28,19],"product_tag":[],"class_list":{"0":"post-740","1":"product","2":"type-product","3":"status-publish","4":"has-post-thumbnail","6":"product_cat-cummins","7":"product_cat-dizel-jeneratorler","9":"first","10":"instock","11":"shipping-taxable","12":"product-type-external"},"yoast_head":"<!-- This site is optimized with the Yoast SEO plugin v25.8 - https:\/\/yoast.com\/wordpress\/plugins\/seo\/ -->\n<title>GJC27 - Fethiye Jenerat&ouml;r<\/title>\n<meta name=\"robots\" content=\"index, follow, max-snippet:-1, max-image-preview:large, max-video-preview:-1\" \/>\n<link rel=\"canonical\" href=\"https:\/\/fethiyejenerator.com\/en\/product\/gjc27\/\" \/>\n<meta property=\"og:locale\" content=\"en_US\" \/>\n<meta property=\"og:type\" content=\"article\" \/>\n<meta property=\"og:title\" content=\"GJC27 - Fethiye Jenerat&ouml;r\" \/>\n<meta property=\"og:description\" content=\"\u00dcr\u00fcn hakk\u0131nda daha detayl\u0131 bilgi almak ve di\u011fer t\u00fcm sorular\u0131n\u0131z i\u00e7in bizimle ileti\u015fime ge\u00e7ebilirsiniz.  Jenerat\u00f6r Datasheetleri:\u00a0   Jenerat\u00f6r\" \/>\n<meta property=\"og:url\" content=\"https:\/\/fethiyejenerator.com\/en\/product\/gjc27\/\" \/>\n<meta property=\"og:site_name\" content=\"Fethiye Jenerat&ouml;r\" \/>\n<meta property=\"article:modified_time\" content=\"2024-02-15T08:07:28+00:00\" \/>\n<meta property=\"og:image\" content=\"https:\/\/fethiyejenerator.com\/wp-content\/uploads\/2024\/01\/20-scaled-1.webp\" \/>\n\t<meta property=\"og:image:width\" content=\"2560\" \/>\n\t<meta property=\"og:image:height\" content=\"1716\" \/>\n\t<meta property=\"og:image:type\" content=\"image\/webp\" \/>\n<meta name=\"twitter:card\" content=\"summary_large_image\" \/>\n<meta name=\"twitter:label1\" content=\"Est. reading time\" \/>\n\t<meta name=\"twitter:data1\" content=\"3 minutes\" \/>\n<script type=\"application\/ld+json\" class=\"yoast-schema-graph\">{\"@context\":\"https:\/\/schema.org\",\"@graph\":[{\"@type\":\"WebPage\",\"@id\":\"https:\/\/fethiyejenerator.com\/urun\/gjc27\/\",\"url\":\"https:\/\/fethiyejenerator.com\/urun\/gjc27\/\",\"name\":\"GJC27 - Fethiye Jenerat&ouml;r\",\"isPartOf\":{\"@id\":\"https:\/\/fethiyejenerator.com\/#website\"},\"primaryImageOfPage\":{\"@id\":\"https:\/\/fethiyejenerator.com\/urun\/gjc27\/#primaryimage\"},\"image\":{\"@id\":\"https:\/\/fethiyejenerator.com\/urun\/gjc27\/#primaryimage\"},\"thumbnailUrl\":\"https:\/\/fethiyejenerator.com\/wp-content\/uploads\/2024\/01\/20-scaled-1.webp\",\"datePublished\":\"2024-02-15T08:07:27+00:00\",\"dateModified\":\"2024-02-15T08:07:28+00:00\",\"breadcrumb\":{\"@id\":\"https:\/\/fethiyejenerator.com\/urun\/gjc27\/#breadcrumb\"},\"inLanguage\":\"en-US\",\"potentialAction\":[{\"@type\":\"ReadAction\",\"target\":[\"https:\/\/fethiyejenerator.com\/urun\/gjc27\/\"]}]},{\"@type\":\"ImageObject\",\"inLanguage\":\"en-US\",\"@id\":\"https:\/\/fethiyejenerator.com\/urun\/gjc27\/#primaryimage\",\"url\":\"https:\/\/fethiyejenerator.com\/wp-content\/uploads\/2024\/01\/20-scaled-1.webp\",\"contentUrl\":\"https:\/\/fethiyejenerator.com\/wp-content\/uploads\/2024\/01\/20-scaled-1.webp\",\"width\":2560,\"height\":1716},{\"@type\":\"BreadcrumbList\",\"@id\":\"https:\/\/fethiyejenerator.com\/urun\/gjc27\/#breadcrumb\",\"itemListElement\":[{\"@type\":\"ListItem\",\"position\":1,\"name\":\"Anasayfa\",\"item\":\"https:\/\/fethiyejenerator.com\/\"},{\"@type\":\"ListItem\",\"position\":2,\"name\":\"\u00dcr\u00fcnlerimiz\",\"item\":\"https:\/\/fethiyejenerator.com\/urunlerimiz\/\"},{\"@type\":\"ListItem\",\"position\":3,\"name\":\"GJC27\"}]},{\"@type\":\"WebSite\",\"@id\":\"https:\/\/fethiyejenerator.com\/#website\",\"url\":\"https:\/\/fethiyejenerator.com\/\",\"name\":\"Fethiye Jenerat&ouml;r\",\"description\":\"Dizel ve Benzinli Jenerat&ouml;r Fiyat ve &Ccedil;e\u015fitleri\",\"potentialAction\":[{\"@type\":\"SearchAction\",\"target\":{\"@type\":\"EntryPoint\",\"urlTemplate\":\"https:\/\/fethiyejenerator.com\/?s={search_term_string}\"},\"query-input\":{\"@type\":\"PropertyValueSpecification\",\"valueRequired\":true,\"valueName\":\"search_term_string\"}}],\"inLanguage\":\"en-US\"}]}<\/script>\n<!-- \/ Yoast SEO plugin. -->","yoast_head_json":{"title":"GJC27 - Fethiye Jenerat&ouml;r","robots":{"index":"index","follow":"follow","max-snippet":"max-snippet:-1","max-image-preview":"max-image-preview:large","max-video-preview":"max-video-preview:-1"},"canonical":"https:\/\/fethiyejenerator.com\/en\/product\/gjc27\/","og_locale":"en_US","og_type":"article","og_title":"GJC27 - Fethiye Jenerat&ouml;r","og_description":"\u00dcr\u00fcn hakk\u0131nda daha detayl\u0131 bilgi almak ve di\u011fer t\u00fcm sorular\u0131n\u0131z i\u00e7in bizimle ileti\u015fime ge\u00e7ebilirsiniz.  Jenerat\u00f6r Datasheetleri:\u00a0   Jenerat\u00f6r","og_url":"https:\/\/fethiyejenerator.com\/en\/product\/gjc27\/","og_site_name":"Fethiye Jenerat&ouml;r","article_modified_time":"2024-02-15T08:07:28+00:00","og_image":[{"width":2560,"height":1716,"url":"https:\/\/fethiyejenerator.com\/wp-content\/uploads\/2024\/01\/20-scaled-1.webp","type":"image\/webp"}],"twitter_card":"summary_large_image","twitter_misc":{"Est. reading time":"3 minutes"},"schema":{"@context":"https:\/\/schema.org","@graph":[{"@type":"WebPage","@id":"https:\/\/fethiyejenerator.com\/urun\/gjc27\/","url":"https:\/\/fethiyejenerator.com\/urun\/gjc27\/","name":"GJC27 - Fethiye Jenerat&ouml;r","isPartOf":{"@id":"https:\/\/fethiyejenerator.com\/#website"},"primaryImageOfPage":{"@id":"https:\/\/fethiyejenerator.com\/urun\/gjc27\/#primaryimage"},"image":{"@id":"https:\/\/fethiyejenerator.com\/urun\/gjc27\/#primaryimage"},"thumbnailUrl":"https:\/\/fethiyejenerator.com\/wp-content\/uploads\/2024\/01\/20-scaled-1.webp","datePublished":"2024-02-15T08:07:27+00:00","dateModified":"2024-02-15T08:07:28+00:00","breadcrumb":{"@id":"https:\/\/fethiyejenerator.com\/urun\/gjc27\/#breadcrumb"},"inLanguage":"en-US","potentialAction":[{"@type":"ReadAction","target":["https:\/\/fethiyejenerator.com\/urun\/gjc27\/"]}]},{"@type":"ImageObject","inLanguage":"en-US","@id":"https:\/\/fethiyejenerator.com\/urun\/gjc27\/#primaryimage","url":"https:\/\/fethiyejenerator.com\/wp-content\/uploads\/2024\/01\/20-scaled-1.webp","contentUrl":"https:\/\/fethiyejenerator.com\/wp-content\/uploads\/2024\/01\/20-scaled-1.webp","width":2560,"height":1716},{"@type":"BreadcrumbList","@id":"https:\/\/fethiyejenerator.com\/urun\/gjc27\/#breadcrumb","itemListElement":[{"@type":"ListItem","position":1,"name":"Anasayfa","item":"https:\/\/fethiyejenerator.com\/"},{"@type":"ListItem","position":2,"name":"\u00dcr\u00fcnlerimiz","item":"https:\/\/fethiyejenerator.com\/urunlerimiz\/"},{"@type":"ListItem","position":3,"name":"GJC27"}]},{"@type":"WebSite","@id":"https:\/\/fethiyejenerator.com\/#website","url":"https:\/\/fethiyejenerator.com\/","name":"Fethiye Generator","description":"Diesel and Gasoline Generator Prices and Types","potentialAction":[{"@type":"SearchAction","target":{"@type":"EntryPoint","urlTemplate":"https:\/\/fethiyejenerator.com\/?s={search_term_string}"},"query-input":{"@type":"PropertyValueSpecification","valueRequired":true,"valueName":"search_term_string"}}],"inLanguage":"en-US"}]}},"_links":{"self":[{"href":"https:\/\/fethiyejenerator.com\/en\/wp-json\/wp\/v2\/product\/740","targetHints":{"allow":["GET"]}}],"collection":[{"href":"https:\/\/fethiyejenerator.com\/en\/wp-json\/wp\/v2\/product"}],"about":[{"href":"https:\/\/fethiyejenerator.com\/en\/wp-json\/wp\/v2\/types\/product"}],"wp:featuredmedia":[{"embeddable":true,"href":"https:\/\/fethiyejenerator.com\/en\/wp-json\/wp\/v2\/media\/261"}],"wp:attachment":[{"href":"https:\/\/fethiyejenerator.com\/en\/wp-json\/wp\/v2\/media?parent=740"}],"wp:term":[{"taxonomy":"product_brand","embeddable":true,"href":"https:\/\/fethiyejenerator.com\/en\/wp-json\/wp\/v2\/product_brand?post=740"},{"taxonomy":"product_cat","embeddable":true,"href":"https:\/\/fethiyejenerator.com\/en\/wp-json\/wp\/v2\/product_cat?post=740"},{"taxonomy":"product_tag","embeddable":true,"href":"https:\/\/fethiyejenerator.com\/en\/wp-json\/wp\/v2\/product_tag?post=740"}],"curies":[{"name":"wp","href":"https:\/\/api.w.org\/{rel}","templated":true}]}}