{"id":1113,"date":"2024-02-21T14:05:09","date_gmt":"2024-02-21T11:05:09","guid":{"rendered":"http:\/\/fethiyejenerator.com\/?post_type=product&#038;p=1113"},"modified":"2024-02-21T14:07:04","modified_gmt":"2024-02-21T11:07:04","slug":"gjb9500e3","status":"publish","type":"product","link":"https:\/\/fethiyejenerator.com\/en\/product\/gjb9500e3\/","title":{"rendered":"GJB9500E3"},"content":{"rendered":"<div id=\"tab-description\" class=\"woocommerce-Tabs-panel woocommerce-Tabs-panel--description panel entry-content active\" role=\"tabpanel\" aria-labelledby=\"tab-title-description\">\n<table width=\"368\">\n<tbody>\n<tr>\n<td width=\"225\">Model<\/td>\n<td width=\"50\"><\/td>\n<td width=\"93\">GJB9500E3<\/td>\n<\/tr>\n<tr>\n<td>Maximum Power<\/td>\n<td>kVA<\/td>\n<td>8<\/td>\n<\/tr>\n<tr>\n<td>Continuous Power<\/td>\n<td>kVA<\/td>\n<td>7,5<\/td>\n<\/tr>\n<tr>\n<td>Engine Model<\/td>\n<td><\/td>\n<td>SC460<\/td>\n<\/tr>\n<tr>\n<td>Engine Power<\/td>\n<td>HP<\/td>\n<td>16<\/td>\n<\/tr>\n<tr>\n<td>Engine Volume<\/td>\n<td>cc<\/td>\n<td>459<\/td>\n<\/tr>\n<tr>\n<td>Engine Cylinder Number<\/td>\n<td><\/td>\n<td>1<\/td>\n<\/tr>\n<tr>\n<td>Voltage<\/td>\n<td>V<\/td>\n<td>380-400<\/td>\n<\/tr>\n<tr>\n<td>Frequency<\/td>\n<td>Hz.<\/td>\n<td>50<\/td>\n<\/tr>\n<tr>\n<td>Phase Number<\/td>\n<td><\/td>\n<td>3<\/td>\n<\/tr>\n<tr>\n<td>Mode of Operation<\/td>\n<td><\/td>\n<td>Marching<\/td>\n<\/tr>\n<tr>\n<td>Sound Level (Cabinet Models)<\/td>\n<td>dB<\/td>\n<td>-<\/td>\n<\/tr>\n<tr>\n<td>Operating Time at Full Load<\/td>\n<td>Clock<\/td>\n<td>6<\/td>\n<\/tr>\n<tr>\n<td>Fuel Tank Capacity<\/td>\n<td>lt<\/td>\n<td>25<\/td>\n<\/tr>\n<tr>\n<td>Net Weight<\/td>\n<td>kg<\/td>\n<td>100<\/td>\n<\/tr>\n<tr>\n<td>Net Dimensions ( LxWxH )<\/td>\n<td>mm<\/td>\n<td>720*560*585<\/td>\n<\/tr>\n<tr>\n<td>Number of 20\u2033 Container Loadings<\/td>\n<td>Quantity<\/td>\n<td>124<\/td>\n<\/tr>\n<tr>\n<td>Number of 40HQ Container Loadings<\/td>\n<td>Quantity<\/td>\n<td>270<\/td>\n<\/tr>\n<\/tbody>\n<\/table>\n<\/div>\n<div id=\"tab-reviews\" class=\"woocommerce-Tabs-panel woocommerce-Tabs-panel--reviews panel entry-content\" role=\"tabpanel\" aria-labelledby=\"tab-title-reviews\">\n<div id=\"reviews\" class=\"woocommerce-Reviews row\">\n<div id=\"comments\" class=\"col large-12\">\n<h3 class=\"woocommerce-Reviews-title normal\"><\/h3>\n<\/div>\n<\/div>\n<\/div>","protected":false},"excerpt":{"rendered":"<p>For more detailed information about the product and for all your other questions, please contact us. <a href=\"\/en\/iletisim\/\"><strong>communication<\/strong><\/a> you can move on.<\/p>","protected":false},"featured_media":1114,"template":"","meta":{"_themeisle_gutenberg_block_has_review":false},"product_brand":[],"product_cat":[19,36],"product_tag":[],"class_list":{"0":"post-1113","1":"product","2":"type-product","3":"status-publish","4":"has-post-thumbnail","6":"product_cat-dizel-jeneratorler","7":"product_cat-portatif-benzinli","9":"first","10":"instock","11":"shipping-taxable","12":"product-type-external"},"yoast_head":"<!-- This site is optimized with the Yoast SEO plugin v25.8 - https:\/\/yoast.com\/wordpress\/plugins\/seo\/ -->\n<title>GJB9500E3 - Fethiye Jenerat&ouml;r<\/title>\n<meta name=\"robots\" content=\"index, follow, max-snippet:-1, max-image-preview:large, max-video-preview:-1\" \/>\n<link rel=\"canonical\" href=\"https:\/\/fethiyejenerator.com\/en\/product\/gjb9500e3\/\" \/>\n<meta property=\"og:locale\" content=\"en_US\" \/>\n<meta property=\"og:type\" content=\"article\" \/>\n<meta property=\"og:title\" content=\"GJB9500E3 - Fethiye Jenerat&ouml;r\" \/>\n<meta property=\"og:description\" content=\"\u00dcr\u00fcn hakk\u0131nda daha detayl\u0131 bilgi almak ve di\u011fer t\u00fcm sorular\u0131n\u0131z i\u00e7in bizimle ileti\u015fime ge\u00e7ebilirsiniz.\" \/>\n<meta property=\"og:url\" content=\"https:\/\/fethiyejenerator.com\/en\/product\/gjb9500e3\/\" \/>\n<meta property=\"og:site_name\" content=\"Fethiye Jenerat&ouml;r\" \/>\n<meta property=\"article:modified_time\" content=\"2024-02-21T11:07:04+00:00\" \/>\n<meta property=\"og:image\" content=\"https:\/\/fethiyejenerator.com\/wp-content\/uploads\/2024\/02\/GJB9500E3-1-scaled-1.webp\" \/>\n\t<meta property=\"og:image:width\" content=\"533\" \/>\n\t<meta property=\"og:image:height\" content=\"400\" \/>\n\t<meta property=\"og:image:type\" content=\"image\/webp\" \/>\n<meta name=\"twitter:card\" content=\"summary_large_image\" \/>\n<meta name=\"twitter:label1\" content=\"Est. reading time\" \/>\n\t<meta name=\"twitter:data1\" content=\"1 minute\" \/>\n<script type=\"application\/ld+json\" class=\"yoast-schema-graph\">{\"@context\":\"https:\/\/schema.org\",\"@graph\":[{\"@type\":\"WebPage\",\"@id\":\"https:\/\/fethiyejenerator.com\/urun\/gjb9500e3\/\",\"url\":\"https:\/\/fethiyejenerator.com\/urun\/gjb9500e3\/\",\"name\":\"GJB9500E3 - Fethiye Jenerat&ouml;r\",\"isPartOf\":{\"@id\":\"https:\/\/fethiyejenerator.com\/#website\"},\"primaryImageOfPage\":{\"@id\":\"https:\/\/fethiyejenerator.com\/urun\/gjb9500e3\/#primaryimage\"},\"image\":{\"@id\":\"https:\/\/fethiyejenerator.com\/urun\/gjb9500e3\/#primaryimage\"},\"thumbnailUrl\":\"https:\/\/fethiyejenerator.com\/wp-content\/uploads\/2024\/02\/GJB9500E3-1-scaled-1.webp\",\"datePublished\":\"2024-02-21T11:05:09+00:00\",\"dateModified\":\"2024-02-21T11:07:04+00:00\",\"breadcrumb\":{\"@id\":\"https:\/\/fethiyejenerator.com\/urun\/gjb9500e3\/#breadcrumb\"},\"inLanguage\":\"en-US\",\"potentialAction\":[{\"@type\":\"ReadAction\",\"target\":[\"https:\/\/fethiyejenerator.com\/urun\/gjb9500e3\/\"]}]},{\"@type\":\"ImageObject\",\"inLanguage\":\"en-US\",\"@id\":\"https:\/\/fethiyejenerator.com\/urun\/gjb9500e3\/#primaryimage\",\"url\":\"https:\/\/fethiyejenerator.com\/wp-content\/uploads\/2024\/02\/GJB9500E3-1-scaled-1.webp\",\"contentUrl\":\"https:\/\/fethiyejenerator.com\/wp-content\/uploads\/2024\/02\/GJB9500E3-1-scaled-1.webp\",\"width\":533,\"height\":400},{\"@type\":\"BreadcrumbList\",\"@id\":\"https:\/\/fethiyejenerator.com\/urun\/gjb9500e3\/#breadcrumb\",\"itemListElement\":[{\"@type\":\"ListItem\",\"position\":1,\"name\":\"Anasayfa\",\"item\":\"https:\/\/fethiyejenerator.com\/\"},{\"@type\":\"ListItem\",\"position\":2,\"name\":\"\u00dcr\u00fcnlerimiz\",\"item\":\"https:\/\/fethiyejenerator.com\/urunlerimiz\/\"},{\"@type\":\"ListItem\",\"position\":3,\"name\":\"GJB9500E3\"}]},{\"@type\":\"WebSite\",\"@id\":\"https:\/\/fethiyejenerator.com\/#website\",\"url\":\"https:\/\/fethiyejenerator.com\/\",\"name\":\"Fethiye Jenerat&ouml;r\",\"description\":\"Dizel ve Benzinli Jenerat&ouml;r Fiyat ve &Ccedil;e\u015fitleri\",\"potentialAction\":[{\"@type\":\"SearchAction\",\"target\":{\"@type\":\"EntryPoint\",\"urlTemplate\":\"https:\/\/fethiyejenerator.com\/?s={search_term_string}\"},\"query-input\":{\"@type\":\"PropertyValueSpecification\",\"valueRequired\":true,\"valueName\":\"search_term_string\"}}],\"inLanguage\":\"en-US\"}]}<\/script>\n<!-- \/ Yoast SEO plugin. -->","yoast_head_json":{"title":"GJB9500E3 - Fethiye Jenerat&ouml;r","robots":{"index":"index","follow":"follow","max-snippet":"max-snippet:-1","max-image-preview":"max-image-preview:large","max-video-preview":"max-video-preview:-1"},"canonical":"https:\/\/fethiyejenerator.com\/en\/product\/gjb9500e3\/","og_locale":"en_US","og_type":"article","og_title":"GJB9500E3 - Fethiye Jenerat&ouml;r","og_description":"\u00dcr\u00fcn hakk\u0131nda daha detayl\u0131 bilgi almak ve di\u011fer t\u00fcm sorular\u0131n\u0131z i\u00e7in bizimle ileti\u015fime ge\u00e7ebilirsiniz.","og_url":"https:\/\/fethiyejenerator.com\/en\/product\/gjb9500e3\/","og_site_name":"Fethiye Jenerat&ouml;r","article_modified_time":"2024-02-21T11:07:04+00:00","og_image":[{"width":533,"height":400,"url":"https:\/\/fethiyejenerator.com\/wp-content\/uploads\/2024\/02\/GJB9500E3-1-scaled-1.webp","type":"image\/webp"}],"twitter_card":"summary_large_image","twitter_misc":{"Est. reading time":"1 minute"},"schema":{"@context":"https:\/\/schema.org","@graph":[{"@type":"WebPage","@id":"https:\/\/fethiyejenerator.com\/urun\/gjb9500e3\/","url":"https:\/\/fethiyejenerator.com\/urun\/gjb9500e3\/","name":"GJB9500E3 - Fethiye Jenerat&ouml;r","isPartOf":{"@id":"https:\/\/fethiyejenerator.com\/#website"},"primaryImageOfPage":{"@id":"https:\/\/fethiyejenerator.com\/urun\/gjb9500e3\/#primaryimage"},"image":{"@id":"https:\/\/fethiyejenerator.com\/urun\/gjb9500e3\/#primaryimage"},"thumbnailUrl":"https:\/\/fethiyejenerator.com\/wp-content\/uploads\/2024\/02\/GJB9500E3-1-scaled-1.webp","datePublished":"2024-02-21T11:05:09+00:00","dateModified":"2024-02-21T11:07:04+00:00","breadcrumb":{"@id":"https:\/\/fethiyejenerator.com\/urun\/gjb9500e3\/#breadcrumb"},"inLanguage":"en-US","potentialAction":[{"@type":"ReadAction","target":["https:\/\/fethiyejenerator.com\/urun\/gjb9500e3\/"]}]},{"@type":"ImageObject","inLanguage":"en-US","@id":"https:\/\/fethiyejenerator.com\/urun\/gjb9500e3\/#primaryimage","url":"https:\/\/fethiyejenerator.com\/wp-content\/uploads\/2024\/02\/GJB9500E3-1-scaled-1.webp","contentUrl":"https:\/\/fethiyejenerator.com\/wp-content\/uploads\/2024\/02\/GJB9500E3-1-scaled-1.webp","width":533,"height":400},{"@type":"BreadcrumbList","@id":"https:\/\/fethiyejenerator.com\/urun\/gjb9500e3\/#breadcrumb","itemListElement":[{"@type":"ListItem","position":1,"name":"Anasayfa","item":"https:\/\/fethiyejenerator.com\/"},{"@type":"ListItem","position":2,"name":"\u00dcr\u00fcnlerimiz","item":"https:\/\/fethiyejenerator.com\/urunlerimiz\/"},{"@type":"ListItem","position":3,"name":"GJB9500E3"}]},{"@type":"WebSite","@id":"https:\/\/fethiyejenerator.com\/#website","url":"https:\/\/fethiyejenerator.com\/","name":"Fethiye Generator","description":"Diesel and Gasoline Generator Prices and Types","potentialAction":[{"@type":"SearchAction","target":{"@type":"EntryPoint","urlTemplate":"https:\/\/fethiyejenerator.com\/?s={search_term_string}"},"query-input":{"@type":"PropertyValueSpecification","valueRequired":true,"valueName":"search_term_string"}}],"inLanguage":"en-US"}]}},"_links":{"self":[{"href":"https:\/\/fethiyejenerator.com\/en\/wp-json\/wp\/v2\/product\/1113","targetHints":{"allow":["GET"]}}],"collection":[{"href":"https:\/\/fethiyejenerator.com\/en\/wp-json\/wp\/v2\/product"}],"about":[{"href":"https:\/\/fethiyejenerator.com\/en\/wp-json\/wp\/v2\/types\/product"}],"wp:featuredmedia":[{"embeddable":true,"href":"https:\/\/fethiyejenerator.com\/en\/wp-json\/wp\/v2\/media\/1114"}],"wp:attachment":[{"href":"https:\/\/fethiyejenerator.com\/en\/wp-json\/wp\/v2\/media?parent=1113"}],"wp:term":[{"taxonomy":"product_brand","embeddable":true,"href":"https:\/\/fethiyejenerator.com\/en\/wp-json\/wp\/v2\/product_brand?post=1113"},{"taxonomy":"product_cat","embeddable":true,"href":"https:\/\/fethiyejenerator.com\/en\/wp-json\/wp\/v2\/product_cat?post=1113"},{"taxonomy":"product_tag","embeddable":true,"href":"https:\/\/fethiyejenerator.com\/en\/wp-json\/wp\/v2\/product_tag?post=1113"}],"curies":[{"name":"wp","href":"https:\/\/api.w.org\/{rel}","templated":true}]}}