{"id":1083,"date":"2024-02-21T11:58:47","date_gmt":"2024-02-21T08:58:47","guid":{"rendered":"http:\/\/fethiyejenerator.com\/?post_type=product&#038;p=1083"},"modified":"2024-02-21T14:20:40","modified_gmt":"2024-02-21T11:20:40","slug":"gjd10000s","status":"publish","type":"product","link":"https:\/\/fethiyejenerator.com\/en\/product\/gjd10000s\/","title":{"rendered":"GJD10000S"},"content":{"rendered":"<table width=\"297\">\n<tbody>\n<tr>\n<td width=\"150\">POWER<\/td>\n<td width=\"55\">kW<\/td>\n<td width=\"92\">10<\/td>\n<\/tr>\n<tr>\n<td>MAXIMUM POWER<\/td>\n<td>kW<\/td>\n<td>9<\/td>\n<\/tr>\n<tr>\n<td>FREQUENCY<\/td>\n<td>Hz.<\/td>\n<td>50<\/td>\n<\/tr>\n<tr>\n<td>VOLTAGE<\/td>\n<td>v<\/td>\n<td>220<\/td>\n<\/tr>\n<tr>\n<td>AMPER<\/td>\n<td>A<\/td>\n<td>45<\/td>\n<\/tr>\n<tr>\n<td>Phase<\/td>\n<td><\/td>\n<td>1<\/td>\n<\/tr>\n<tr>\n<td>VOLTAGE REGULATION<\/td>\n<td><\/td>\n<td>AVR<\/td>\n<\/tr>\n<tr>\n<td>POWER FACTOR<\/td>\n<td><\/td>\n<td>1<\/td>\n<\/tr>\n<tr>\n<td>SES<\/td>\n<td>db<\/td>\n<td>70<\/td>\n<\/tr>\n<tr>\n<td>ENGINE MODEL<\/td>\n<td><\/td>\n<td>198FAE<\/td>\n<\/tr>\n<tr>\n<td>PISTON &amp; STROK<\/td>\n<td>mm<\/td>\n<td>98\u00d782<\/td>\n<\/tr>\n<tr>\n<td>MAX. POWER \/ SPEED<\/td>\n<td>HP\/rpm<\/td>\n<td>14HP\/3000<\/td>\n<\/tr>\n<tr>\n<td>INITIALIZATION SYSTEM<\/td>\n<td><\/td>\n<td>Electric Start<\/td>\n<\/tr>\n<tr>\n<td>OIL CAPACITY<\/td>\n<td>Liters<\/td>\n<td>2<\/td>\n<\/tr>\n<tr>\n<td>FUEL CAPACITY<\/td>\n<td>Liters<\/td>\n<td>30<\/td>\n<\/tr>\n<tr>\n<td>FUEL CONSUMPTION<\/td>\n<td>gxkW\/h<\/td>\n<td>230<\/td>\n<\/tr>\n<tr>\n<td>WEIGHT<\/td>\n<td>kg<\/td>\n<td>210<\/td>\n<\/tr>\n<tr>\n<td>DIMENSIONS<\/td>\n<td>mm<\/td>\n<td>1100x760x860<\/td>\n<\/tr>\n<tr>\n<td>20FT (SET)<\/td>\n<td><\/td>\n<td>30<\/td>\n<\/tr>\n<tr>\n<td>40HQ(SET)<\/td>\n<td><\/td>\n<td>96<\/td>\n<\/tr>\n<\/tbody>\n<\/table>","protected":false},"excerpt":{"rendered":"<p>For more detailed information about the product and for all your other questions, please contact us. <a href=\"\/en\/iletisim\/\"><strong>communication<\/strong><\/a> you can move on.<\/p>","protected":false},"featured_media":1084,"template":"","meta":{"_themeisle_gutenberg_block_has_review":false},"product_brand":[],"product_cat":[19,35],"product_tag":[],"class_list":{"0":"post-1083","1":"product","2":"type-product","3":"status-publish","4":"has-post-thumbnail","6":"product_cat-dizel-jeneratorler","7":"product_cat-portatif-dizel","9":"first","10":"instock","11":"shipping-taxable","12":"product-type-external"},"yoast_head":"<!-- This site is optimized with the Yoast SEO plugin v25.8 - https:\/\/yoast.com\/wordpress\/plugins\/seo\/ -->\n<title>GJD10000S - Fethiye Jenerat&ouml;r<\/title>\n<meta name=\"robots\" content=\"index, follow, max-snippet:-1, max-image-preview:large, max-video-preview:-1\" \/>\n<link rel=\"canonical\" href=\"https:\/\/fethiyejenerator.com\/en\/product\/gjd10000s\/\" \/>\n<meta property=\"og:locale\" content=\"en_US\" \/>\n<meta property=\"og:type\" content=\"article\" \/>\n<meta property=\"og:title\" content=\"GJD10000S - Fethiye Jenerat&ouml;r\" \/>\n<meta property=\"og:description\" content=\"\u00dcr\u00fcn hakk\u0131nda daha detayl\u0131 bilgi almak ve di\u011fer t\u00fcm sorular\u0131n\u0131z i\u00e7in bizimle ileti\u015fime ge\u00e7ebilirsiniz.\" \/>\n<meta property=\"og:url\" content=\"https:\/\/fethiyejenerator.com\/en\/product\/gjd10000s\/\" \/>\n<meta property=\"og:site_name\" content=\"Fethiye Jenerat&ouml;r\" \/>\n<meta property=\"article:modified_time\" content=\"2024-02-21T11:20:40+00:00\" \/>\n<meta property=\"og:image\" content=\"https:\/\/fethiyejenerator.com\/wp-content\/uploads\/2024\/02\/100000s.webp\" \/>\n\t<meta property=\"og:image:width\" content=\"600\" \/>\n\t<meta property=\"og:image:height\" content=\"600\" \/>\n\t<meta property=\"og:image:type\" content=\"image\/webp\" \/>\n<meta name=\"twitter:card\" content=\"summary_large_image\" \/>\n<meta name=\"twitter:label1\" content=\"Est. reading time\" \/>\n\t<meta name=\"twitter:data1\" content=\"1 minute\" \/>\n<script type=\"application\/ld+json\" class=\"yoast-schema-graph\">{\"@context\":\"https:\/\/schema.org\",\"@graph\":[{\"@type\":\"WebPage\",\"@id\":\"https:\/\/fethiyejenerator.com\/urun\/gjd10000s\/\",\"url\":\"https:\/\/fethiyejenerator.com\/urun\/gjd10000s\/\",\"name\":\"GJD10000S - Fethiye Jenerat&ouml;r\",\"isPartOf\":{\"@id\":\"https:\/\/fethiyejenerator.com\/#website\"},\"primaryImageOfPage\":{\"@id\":\"https:\/\/fethiyejenerator.com\/urun\/gjd10000s\/#primaryimage\"},\"image\":{\"@id\":\"https:\/\/fethiyejenerator.com\/urun\/gjd10000s\/#primaryimage\"},\"thumbnailUrl\":\"https:\/\/fethiyejenerator.com\/wp-content\/uploads\/2024\/02\/100000s.webp\",\"datePublished\":\"2024-02-21T08:58:47+00:00\",\"dateModified\":\"2024-02-21T11:20:40+00:00\",\"breadcrumb\":{\"@id\":\"https:\/\/fethiyejenerator.com\/urun\/gjd10000s\/#breadcrumb\"},\"inLanguage\":\"en-US\",\"potentialAction\":[{\"@type\":\"ReadAction\",\"target\":[\"https:\/\/fethiyejenerator.com\/urun\/gjd10000s\/\"]}]},{\"@type\":\"ImageObject\",\"inLanguage\":\"en-US\",\"@id\":\"https:\/\/fethiyejenerator.com\/urun\/gjd10000s\/#primaryimage\",\"url\":\"https:\/\/fethiyejenerator.com\/wp-content\/uploads\/2024\/02\/100000s.webp\",\"contentUrl\":\"https:\/\/fethiyejenerator.com\/wp-content\/uploads\/2024\/02\/100000s.webp\",\"width\":600,\"height\":600},{\"@type\":\"BreadcrumbList\",\"@id\":\"https:\/\/fethiyejenerator.com\/urun\/gjd10000s\/#breadcrumb\",\"itemListElement\":[{\"@type\":\"ListItem\",\"position\":1,\"name\":\"Anasayfa\",\"item\":\"https:\/\/fethiyejenerator.com\/\"},{\"@type\":\"ListItem\",\"position\":2,\"name\":\"\u00dcr\u00fcnlerimiz\",\"item\":\"https:\/\/fethiyejenerator.com\/urunlerimiz\/\"},{\"@type\":\"ListItem\",\"position\":3,\"name\":\"GJD10000S\"}]},{\"@type\":\"WebSite\",\"@id\":\"https:\/\/fethiyejenerator.com\/#website\",\"url\":\"https:\/\/fethiyejenerator.com\/\",\"name\":\"Fethiye Jenerat&ouml;r\",\"description\":\"Dizel ve Benzinli Jenerat&ouml;r Fiyat ve &Ccedil;e\u015fitleri\",\"potentialAction\":[{\"@type\":\"SearchAction\",\"target\":{\"@type\":\"EntryPoint\",\"urlTemplate\":\"https:\/\/fethiyejenerator.com\/?s={search_term_string}\"},\"query-input\":{\"@type\":\"PropertyValueSpecification\",\"valueRequired\":true,\"valueName\":\"search_term_string\"}}],\"inLanguage\":\"en-US\"}]}<\/script>\n<!-- \/ Yoast SEO plugin. -->","yoast_head_json":{"title":"GJD10000S - Fethiye Jenerat&ouml;r","robots":{"index":"index","follow":"follow","max-snippet":"max-snippet:-1","max-image-preview":"max-image-preview:large","max-video-preview":"max-video-preview:-1"},"canonical":"https:\/\/fethiyejenerator.com\/en\/product\/gjd10000s\/","og_locale":"en_US","og_type":"article","og_title":"GJD10000S - Fethiye Jenerat&ouml;r","og_description":"\u00dcr\u00fcn hakk\u0131nda daha detayl\u0131 bilgi almak ve di\u011fer t\u00fcm sorular\u0131n\u0131z i\u00e7in bizimle ileti\u015fime ge\u00e7ebilirsiniz.","og_url":"https:\/\/fethiyejenerator.com\/en\/product\/gjd10000s\/","og_site_name":"Fethiye Jenerat&ouml;r","article_modified_time":"2024-02-21T11:20:40+00:00","og_image":[{"width":600,"height":600,"url":"https:\/\/fethiyejenerator.com\/wp-content\/uploads\/2024\/02\/100000s.webp","type":"image\/webp"}],"twitter_card":"summary_large_image","twitter_misc":{"Est. reading time":"1 minute"},"schema":{"@context":"https:\/\/schema.org","@graph":[{"@type":"WebPage","@id":"https:\/\/fethiyejenerator.com\/urun\/gjd10000s\/","url":"https:\/\/fethiyejenerator.com\/urun\/gjd10000s\/","name":"GJD10000S - Fethiye Jenerat&ouml;r","isPartOf":{"@id":"https:\/\/fethiyejenerator.com\/#website"},"primaryImageOfPage":{"@id":"https:\/\/fethiyejenerator.com\/urun\/gjd10000s\/#primaryimage"},"image":{"@id":"https:\/\/fethiyejenerator.com\/urun\/gjd10000s\/#primaryimage"},"thumbnailUrl":"https:\/\/fethiyejenerator.com\/wp-content\/uploads\/2024\/02\/100000s.webp","datePublished":"2024-02-21T08:58:47+00:00","dateModified":"2024-02-21T11:20:40+00:00","breadcrumb":{"@id":"https:\/\/fethiyejenerator.com\/urun\/gjd10000s\/#breadcrumb"},"inLanguage":"en-US","potentialAction":[{"@type":"ReadAction","target":["https:\/\/fethiyejenerator.com\/urun\/gjd10000s\/"]}]},{"@type":"ImageObject","inLanguage":"en-US","@id":"https:\/\/fethiyejenerator.com\/urun\/gjd10000s\/#primaryimage","url":"https:\/\/fethiyejenerator.com\/wp-content\/uploads\/2024\/02\/100000s.webp","contentUrl":"https:\/\/fethiyejenerator.com\/wp-content\/uploads\/2024\/02\/100000s.webp","width":600,"height":600},{"@type":"BreadcrumbList","@id":"https:\/\/fethiyejenerator.com\/urun\/gjd10000s\/#breadcrumb","itemListElement":[{"@type":"ListItem","position":1,"name":"Anasayfa","item":"https:\/\/fethiyejenerator.com\/"},{"@type":"ListItem","position":2,"name":"\u00dcr\u00fcnlerimiz","item":"https:\/\/fethiyejenerator.com\/urunlerimiz\/"},{"@type":"ListItem","position":3,"name":"GJD10000S"}]},{"@type":"WebSite","@id":"https:\/\/fethiyejenerator.com\/#website","url":"https:\/\/fethiyejenerator.com\/","name":"Fethiye Generator","description":"Diesel and Gasoline Generator Prices and Types","potentialAction":[{"@type":"SearchAction","target":{"@type":"EntryPoint","urlTemplate":"https:\/\/fethiyejenerator.com\/?s={search_term_string}"},"query-input":{"@type":"PropertyValueSpecification","valueRequired":true,"valueName":"search_term_string"}}],"inLanguage":"en-US"}]}},"_links":{"self":[{"href":"https:\/\/fethiyejenerator.com\/en\/wp-json\/wp\/v2\/product\/1083","targetHints":{"allow":["GET"]}}],"collection":[{"href":"https:\/\/fethiyejenerator.com\/en\/wp-json\/wp\/v2\/product"}],"about":[{"href":"https:\/\/fethiyejenerator.com\/en\/wp-json\/wp\/v2\/types\/product"}],"wp:featuredmedia":[{"embeddable":true,"href":"https:\/\/fethiyejenerator.com\/en\/wp-json\/wp\/v2\/media\/1084"}],"wp:attachment":[{"href":"https:\/\/fethiyejenerator.com\/en\/wp-json\/wp\/v2\/media?parent=1083"}],"wp:term":[{"taxonomy":"product_brand","embeddable":true,"href":"https:\/\/fethiyejenerator.com\/en\/wp-json\/wp\/v2\/product_brand?post=1083"},{"taxonomy":"product_cat","embeddable":true,"href":"https:\/\/fethiyejenerator.com\/en\/wp-json\/wp\/v2\/product_cat?post=1083"},{"taxonomy":"product_tag","embeddable":true,"href":"https:\/\/fethiyejenerator.com\/en\/wp-json\/wp\/v2\/product_tag?post=1083"}],"curies":[{"name":"wp","href":"https:\/\/api.w.org\/{rel}","templated":true}]}}