{"id":61,"date":"2024-01-08T09:36:48","date_gmt":"2024-01-08T09:36:48","guid":{"rendered":"http:\/\/fethiyejenerator.com\/?page_id=61"},"modified":"2025-08-21T12:36:43","modified_gmt":"2025-08-21T09:36:43","slug":"hizmetlerimiz","status":"publish","type":"page","link":"https:\/\/fethiyejenerator.com\/en\/hizmetlerimiz\/","title":{"rendered":"Our Services"},"content":{"rendered":"<div data-elementor-type=\"wp-page\" data-elementor-id=\"61\" class=\"elementor elementor-61\">\n\t\t\t\t\t\t<section class=\"elementor-section elementor-top-section elementor-element elementor-element-2dc29da elementor-section-boxed elementor-section-height-default elementor-section-height-default\" data-id=\"2dc29da\" data-element_type=\"section\" data-settings=\"{&quot;background_background&quot;:&quot;classic&quot;}\">\n\t\t\t\t\t\t\t<div class=\"elementor-background-overlay\"><\/div>\n\t\t\t\t\t\t\t<div class=\"elementor-container elementor-column-gap-default\">\n\t\t\t\t\t<div class=\"elementor-column elementor-col-100 elementor-top-column elementor-element elementor-element-31ab030\" data-id=\"31ab030\" data-element_type=\"column\">\n\t\t\t<div class=\"elementor-widget-wrap elementor-element-populated\">\n\t\t\t\t\t\t<div class=\"elementor-element elementor-element-61a3ccf rivax-align-center elementor-widget rivax-divider-heading-widget\" data-id=\"61a3ccf\" data-element_type=\"widget\" data-widget_type=\"rivax-divider-heading.default\">\n\t\t\t\t<div class=\"elementor-widget-container\">\n\t\t\t\t\t<div class=\"rivax-divider-heading-wrap\">\r\n    <div class=\"rivax-divider-heading divider-style-12\">\r\n        <div class=\"divider divider-1\"><\/div>\r\n        <div class=\"divider divider-2\"><\/div>\r\n        <h2 class=\"title\">\r\n                <span class=\"title-inner\">\r\n            <span class=\"title-text\">\r\n                                OUR SERVICES            <\/span>\r\n                    <\/span>\r\n            <\/h2>\r\n    <div class=\"divider divider-3\"><\/div>\r\n    <div class=\"divider divider-4\"><\/div>\r\n<\/div>\r\n<\/div>\r\n\r\n\t\t\t\t<\/div>\n\t\t\t\t<\/div>\n\t\t\t\t<div class=\"elementor-element elementor-element-5b0b861 elementor-widget elementor-widget-heading\" data-id=\"5b0b861\" data-element_type=\"widget\" data-widget_type=\"heading.default\">\n\t\t\t\t<div class=\"elementor-widget-container\">\n\t\t\t\t\t<h2 class=\"elementor-heading-title elementor-size-default\">Home &gt; <strong style=\"color:#cc0000\">Our Services<\/strong><\/h2>\t\t\t\t<\/div>\n\t\t\t\t<\/div>\n\t\t\t\t\t<\/div>\n\t\t<\/div>\n\t\t\t\t\t<\/div>\n\t\t<\/section>\n\t\t\t\t<section class=\"elementor-section elementor-top-section elementor-element elementor-element-b4db088 elementor-section-boxed elementor-section-height-default elementor-section-height-default\" data-id=\"b4db088\" data-element_type=\"section\">\n\t\t\t\t\t\t<div class=\"elementor-container elementor-column-gap-default\">\n\t\t\t\t\t<div class=\"elementor-column elementor-col-50 elementor-top-column elementor-element elementor-element-521e449\" data-id=\"521e449\" data-element_type=\"column\">\n\t\t\t<div class=\"elementor-widget-wrap elementor-element-populated\">\n\t\t\t\t\t\t<div class=\"elementor-element elementor-element-294d5b9 elementor-position-top elementor-widget elementor-widget-image-box\" data-id=\"294d5b9\" data-element_type=\"widget\" data-widget_type=\"image-box.default\">\n\t\t\t\t<div class=\"elementor-widget-container\">\n\t\t\t\t\t<div class=\"elementor-image-box-wrapper\"><figure class=\"elementor-image-box-img\"><img fetchpriority=\"high\" decoding=\"async\" width=\"800\" height=\"350\" src=\"https:\/\/fethiyejenerator.com\/wp-content\/uploads\/2024\/01\/jene-hizmet-1-copy.webp\" class=\"elementor-animation-shrink attachment-full size-full wp-image-345\" alt=\"\" srcset=\"https:\/\/fethiyejenerator.com\/wp-content\/uploads\/2024\/01\/jene-hizmet-1-copy.webp 800w, https:\/\/fethiyejenerator.com\/wp-content\/uploads\/2024\/01\/jene-hizmet-1-copy-300x131.webp 300w, https:\/\/fethiyejenerator.com\/wp-content\/uploads\/2024\/01\/jene-hizmet-1-copy-768x336.webp 768w, https:\/\/fethiyejenerator.com\/wp-content\/uploads\/2024\/01\/jene-hizmet-1-copy-400x175.webp 400w, https:\/\/fethiyejenerator.com\/wp-content\/uploads\/2024\/01\/jene-hizmet-1-copy-700x306.webp 700w, https:\/\/fethiyejenerator.com\/wp-content\/uploads\/2024\/01\/jene-hizmet-1-copy-600x263.webp 600w\" sizes=\"(max-width: 800px) 100vw, 800px\" \/><\/figure><div class=\"elementor-image-box-content\"><h3 class=\"elementor-image-box-title\">Generator Rental<\/h3><p class=\"elementor-image-box-description\">The increase in the use of generators in recent years has led to the presence of generators in almost every home and workplace. The reason for this is that there is no information about when there ...<\/p><\/div><\/div>\t\t\t\t<\/div>\n\t\t\t\t<\/div>\n\t\t\t\t<div class=\"elementor-element elementor-element-7f71b60 elementor-align-justify elementor-widget elementor-widget-button\" data-id=\"7f71b60\" data-element_type=\"widget\" data-widget_type=\"button.default\">\n\t\t\t\t<div class=\"elementor-widget-container\">\n\t\t\t\t\t\t\t\t\t<div class=\"elementor-button-wrapper\">\n\t\t\t\t\t<a class=\"elementor-button elementor-button-link elementor-size-sm\" href=\"\/en\/jenerator-kiralama\/\">\n\t\t\t\t\t\t<span class=\"elementor-button-content-wrapper\">\n\t\t\t\t\t\t\t\t\t<span class=\"elementor-button-text\">View Details<\/span>\n\t\t\t\t\t<\/span>\n\t\t\t\t\t<\/a>\n\t\t\t\t<\/div>\n\t\t\t\t\t\t\t\t<\/div>\n\t\t\t\t<\/div>\n\t\t\t\t\t<\/div>\n\t\t<\/div>\n\t\t\t\t<div class=\"elementor-column elementor-col-50 elementor-top-column elementor-element elementor-element-349bc45\" data-id=\"349bc45\" data-element_type=\"column\">\n\t\t\t<div class=\"elementor-widget-wrap elementor-element-populated\">\n\t\t\t\t\t\t<div class=\"elementor-element elementor-element-75ae76c elementor-position-top elementor-widget elementor-widget-image-box\" data-id=\"75ae76c\" data-element_type=\"widget\" data-widget_type=\"image-box.default\">\n\t\t\t\t<div class=\"elementor-widget-container\">\n\t\t\t\t\t<div class=\"elementor-image-box-wrapper\"><figure class=\"elementor-image-box-img\"><img decoding=\"async\" width=\"800\" height=\"350\" src=\"https:\/\/fethiyejenerator.com\/wp-content\/uploads\/2024\/01\/jene-hizmet-2-copy.webp\" class=\"elementor-animation-shrink attachment-full size-full wp-image-346\" alt=\"\" srcset=\"https:\/\/fethiyejenerator.com\/wp-content\/uploads\/2024\/01\/jene-hizmet-2-copy.webp 800w, https:\/\/fethiyejenerator.com\/wp-content\/uploads\/2024\/01\/jene-hizmet-2-copy-300x131.webp 300w, https:\/\/fethiyejenerator.com\/wp-content\/uploads\/2024\/01\/jene-hizmet-2-copy-768x336.webp 768w, https:\/\/fethiyejenerator.com\/wp-content\/uploads\/2024\/01\/jene-hizmet-2-copy-400x175.webp 400w, https:\/\/fethiyejenerator.com\/wp-content\/uploads\/2024\/01\/jene-hizmet-2-copy-700x306.webp 700w, https:\/\/fethiyejenerator.com\/wp-content\/uploads\/2024\/01\/jene-hizmet-2-copy-600x263.webp 600w\" sizes=\"(max-width: 800px) 100vw, 800px\" \/><\/figure><div class=\"elementor-image-box-content\"><h3 class=\"elementor-image-box-title\">Power and Location<\/h3><p class=\"elementor-image-box-description\">Power and location determination by experts before purchasing a generator is important for the correct generator selection. In this discovery, the place where the generator will be placed is ...<\/p><\/div><\/div>\t\t\t\t<\/div>\n\t\t\t\t<\/div>\n\t\t\t\t<div class=\"elementor-element elementor-element-337b62e elementor-align-justify elementor-widget elementor-widget-button\" data-id=\"337b62e\" data-element_type=\"widget\" data-widget_type=\"button.default\">\n\t\t\t\t<div class=\"elementor-widget-container\">\n\t\t\t\t\t\t\t\t\t<div class=\"elementor-button-wrapper\">\n\t\t\t\t\t<a class=\"elementor-button elementor-button-link elementor-size-sm\" href=\"\/en\/guc-ve-yer-tespiti\/\">\n\t\t\t\t\t\t<span class=\"elementor-button-content-wrapper\">\n\t\t\t\t\t\t\t\t\t<span class=\"elementor-button-text\">View Details<\/span>\n\t\t\t\t\t<\/span>\n\t\t\t\t\t<\/a>\n\t\t\t\t<\/div>\n\t\t\t\t\t\t\t\t<\/div>\n\t\t\t\t<\/div>\n\t\t\t\t\t<\/div>\n\t\t<\/div>\n\t\t\t\t\t<\/div>\n\t\t<\/section>\n\t\t\t\t<section class=\"elementor-section elementor-top-section elementor-element elementor-element-9f8aa54 elementor-section-boxed elementor-section-height-default elementor-section-height-default\" data-id=\"9f8aa54\" data-element_type=\"section\">\n\t\t\t\t\t\t<div class=\"elementor-container elementor-column-gap-default\">\n\t\t\t\t\t<div class=\"elementor-column elementor-col-50 elementor-top-column elementor-element elementor-element-bf3feea\" data-id=\"bf3feea\" data-element_type=\"column\">\n\t\t\t<div class=\"elementor-widget-wrap elementor-element-populated\">\n\t\t\t\t\t\t<div class=\"elementor-element elementor-element-eb150f9 elementor-position-top elementor-widget elementor-widget-image-box\" data-id=\"eb150f9\" data-element_type=\"widget\" data-widget_type=\"image-box.default\">\n\t\t\t\t<div class=\"elementor-widget-container\">\n\t\t\t\t\t<div class=\"elementor-image-box-wrapper\"><figure class=\"elementor-image-box-img\"><img decoding=\"async\" width=\"800\" height=\"350\" src=\"https:\/\/fethiyejenerator.com\/wp-content\/uploads\/2024\/01\/jene-hizmet-3-copy.webp\" class=\"elementor-animation-shrink attachment-full size-full wp-image-347\" alt=\"\" srcset=\"https:\/\/fethiyejenerator.com\/wp-content\/uploads\/2024\/01\/jene-hizmet-3-copy.webp 800w, https:\/\/fethiyejenerator.com\/wp-content\/uploads\/2024\/01\/jene-hizmet-3-copy-300x131.webp 300w, https:\/\/fethiyejenerator.com\/wp-content\/uploads\/2024\/01\/jene-hizmet-3-copy-768x336.webp 768w, https:\/\/fethiyejenerator.com\/wp-content\/uploads\/2024\/01\/jene-hizmet-3-copy-400x175.webp 400w, https:\/\/fethiyejenerator.com\/wp-content\/uploads\/2024\/01\/jene-hizmet-3-copy-700x306.webp 700w, https:\/\/fethiyejenerator.com\/wp-content\/uploads\/2024\/01\/jene-hizmet-3-copy-600x263.webp 600w\" sizes=\"(max-width: 800px) 100vw, 800px\" \/><\/figure><div class=\"elementor-image-box-content\"><h3 class=\"elementor-image-box-title\">Periodic Maintenance and Spare Parts<\/h3><p class=\"elementor-image-box-description\">We recommend that you make a monthly periodic maintenance agreement in order for the generator set you will purchase or have purchased to operate smoothly and efficiently. With ...<\/p><\/div><\/div>\t\t\t\t<\/div>\n\t\t\t\t<\/div>\n\t\t\t\t<div class=\"elementor-element elementor-element-8e6badb elementor-align-justify elementor-widget elementor-widget-button\" data-id=\"8e6badb\" data-element_type=\"widget\" data-widget_type=\"button.default\">\n\t\t\t\t<div class=\"elementor-widget-container\">\n\t\t\t\t\t\t\t\t\t<div class=\"elementor-button-wrapper\">\n\t\t\t\t\t<a class=\"elementor-button elementor-button-link elementor-size-sm\" href=\"\/en\/periyodik-bakim-ve-yedek-parca\/\">\n\t\t\t\t\t\t<span class=\"elementor-button-content-wrapper\">\n\t\t\t\t\t\t\t\t\t<span class=\"elementor-button-text\">View Details<\/span>\n\t\t\t\t\t<\/span>\n\t\t\t\t\t<\/a>\n\t\t\t\t<\/div>\n\t\t\t\t\t\t\t\t<\/div>\n\t\t\t\t<\/div>\n\t\t\t\t\t<\/div>\n\t\t<\/div>\n\t\t\t\t<div class=\"elementor-column elementor-col-50 elementor-top-column elementor-element elementor-element-9a5e095\" data-id=\"9a5e095\" data-element_type=\"column\">\n\t\t\t<div class=\"elementor-widget-wrap elementor-element-populated\">\n\t\t\t\t\t\t<div class=\"elementor-element elementor-element-41449bc elementor-position-top elementor-widget elementor-widget-image-box\" data-id=\"41449bc\" data-element_type=\"widget\" data-widget_type=\"image-box.default\">\n\t\t\t\t<div class=\"elementor-widget-container\">\n\t\t\t\t\t<div class=\"elementor-image-box-wrapper\"><figure class=\"elementor-image-box-img\"><img loading=\"lazy\" decoding=\"async\" width=\"800\" height=\"350\" src=\"https:\/\/fethiyejenerator.com\/wp-content\/uploads\/2024\/01\/jene-hizmet-4-copy.webp\" class=\"elementor-animation-shrink attachment-full size-full wp-image-348\" alt=\"\" srcset=\"https:\/\/fethiyejenerator.com\/wp-content\/uploads\/2024\/01\/jene-hizmet-4-copy.webp 800w, https:\/\/fethiyejenerator.com\/wp-content\/uploads\/2024\/01\/jene-hizmet-4-copy-300x131.webp 300w, https:\/\/fethiyejenerator.com\/wp-content\/uploads\/2024\/01\/jene-hizmet-4-copy-768x336.webp 768w, https:\/\/fethiyejenerator.com\/wp-content\/uploads\/2024\/01\/jene-hizmet-4-copy-400x175.webp 400w, https:\/\/fethiyejenerator.com\/wp-content\/uploads\/2024\/01\/jene-hizmet-4-copy-700x306.webp 700w, https:\/\/fethiyejenerator.com\/wp-content\/uploads\/2024\/01\/jene-hizmet-4-copy-600x263.webp 600w\" sizes=\"(max-width: 800px) 100vw, 800px\" \/><\/figure><div class=\"elementor-image-box-content\"><h3 class=\"elementor-image-box-title\">Generator Assembly<\/h3><p class=\"elementor-image-box-description\">It is very important that the installation and commissioning of the generator you have purchased is carried out by experts in terms of performance, efficiency and trouble-free operation ...<\/p><\/div><\/div>\t\t\t\t<\/div>\n\t\t\t\t<\/div>\n\t\t\t\t<div class=\"elementor-element elementor-element-59e5e90 elementor-align-justify elementor-widget elementor-widget-button\" data-id=\"59e5e90\" data-element_type=\"widget\" data-widget_type=\"button.default\">\n\t\t\t\t<div class=\"elementor-widget-container\">\n\t\t\t\t\t\t\t\t\t<div class=\"elementor-button-wrapper\">\n\t\t\t\t\t<a class=\"elementor-button elementor-button-link elementor-size-sm\" href=\"\/en\/jenerator-montaj\/\">\n\t\t\t\t\t\t<span class=\"elementor-button-content-wrapper\">\n\t\t\t\t\t\t\t\t\t<span class=\"elementor-button-text\">View Details<\/span>\n\t\t\t\t\t<\/span>\n\t\t\t\t\t<\/a>\n\t\t\t\t<\/div>\n\t\t\t\t\t\t\t\t<\/div>\n\t\t\t\t<\/div>\n\t\t\t\t\t<\/div>\n\t\t<\/div>\n\t\t\t\t\t<\/div>\n\t\t<\/section>\n\t\t\t\t<\/div>","protected":false},"excerpt":{"rendered":"<p>OUR SERVICES Home &gt; Our Services Generator Rental The increase in the use of generators in recent years has led to the presence of generators in almost every home and workplace. The reason for this is that nowadays there is no doubt about when there will be a power outage... View Details Power and Location Determination Power and location determination by experts before purchasing a generator is important in terms of choosing the right generator [...]<\/p>","protected":false},"author":1,"featured_media":0,"parent":0,"menu_order":0,"comment_status":"closed","ping_status":"closed","template":"elementor_header_footer","meta":{"_themeisle_gutenberg_block_has_review":false,"footnotes":""},"class_list":["post-61","page","type-page","status-publish","hentry"],"yoast_head":"<!-- This site is optimized with the Yoast SEO plugin v25.8 - https:\/\/yoast.com\/wordpress\/plugins\/seo\/ -->\n<title>Hizmetlerimiz - Fethiye Jenerat&ouml;r<\/title>\n<meta name=\"description\" content=\"Dizel Jenerat\u00f6r, Portatif Benzinli ve Dizel Jenerat\u00f6r, \u0130kinci El Jenerat\u00f6r, I\u015f\u0131kl\u0131 Jenerat\u00f6r, R\u00f6morklu Jenerat\u00f6r Senkronizasyon Panolar\u0131\" \/>\n<meta name=\"robots\" content=\"index, follow, max-snippet:-1, max-image-preview:large, max-video-preview:-1\" \/>\n<link rel=\"canonical\" href=\"https:\/\/fethiyejenerator.com\/en\/hizmetlerimiz\/\" \/>\n<meta property=\"og:locale\" content=\"en_US\" \/>\n<meta property=\"og:type\" content=\"article\" \/>\n<meta property=\"og:title\" content=\"Hizmetlerimiz - Fethiye Jenerat&ouml;r\" \/>\n<meta property=\"og:description\" content=\"Dizel Jenerat\u00f6r, Portatif Benzinli ve Dizel Jenerat\u00f6r, \u0130kinci El Jenerat\u00f6r, I\u015f\u0131kl\u0131 Jenerat\u00f6r, R\u00f6morklu Jenerat\u00f6r Senkronizasyon Panolar\u0131\" \/>\n<meta property=\"og:url\" content=\"https:\/\/fethiyejenerator.com\/en\/hizmetlerimiz\/\" \/>\n<meta property=\"og:site_name\" content=\"Fethiye Jenerat&ouml;r\" \/>\n<meta property=\"article:modified_time\" content=\"2025-08-21T09:36:43+00:00\" \/>\n<meta property=\"og:image\" content=\"http:\/\/fethiyejenerator.com\/wp-content\/uploads\/2024\/01\/jene-hizmet-1-copy.webp\" \/>\n<meta name=\"twitter:card\" content=\"summary_large_image\" \/>\n<meta name=\"twitter:label1\" content=\"Est. reading time\" \/>\n\t<meta name=\"twitter:data1\" content=\"2 minutes\" \/>\n<script type=\"application\/ld+json\" class=\"yoast-schema-graph\">{\"@context\":\"https:\/\/schema.org\",\"@graph\":[{\"@type\":\"WebPage\",\"@id\":\"https:\/\/fethiyejenerator.com\/hizmetlerimiz\/\",\"url\":\"https:\/\/fethiyejenerator.com\/hizmetlerimiz\/\",\"name\":\"Hizmetlerimiz - Fethiye Jenerat&ouml;r\",\"isPartOf\":{\"@id\":\"https:\/\/fethiyejenerator.com\/#website\"},\"primaryImageOfPage\":{\"@id\":\"https:\/\/fethiyejenerator.com\/hizmetlerimiz\/#primaryimage\"},\"image\":{\"@id\":\"https:\/\/fethiyejenerator.com\/hizmetlerimiz\/#primaryimage\"},\"thumbnailUrl\":\"http:\/\/fethiyejenerator.com\/wp-content\/uploads\/2024\/01\/jene-hizmet-1-copy.webp\",\"datePublished\":\"2024-01-08T09:36:48+00:00\",\"dateModified\":\"2025-08-21T09:36:43+00:00\",\"description\":\"Dizel Jenerat\u00f6r, Portatif Benzinli ve Dizel Jenerat\u00f6r, \u0130kinci El Jenerat\u00f6r, I\u015f\u0131kl\u0131 Jenerat\u00f6r, R\u00f6morklu Jenerat\u00f6r Senkronizasyon Panolar\u0131\",\"breadcrumb\":{\"@id\":\"https:\/\/fethiyejenerator.com\/hizmetlerimiz\/#breadcrumb\"},\"inLanguage\":\"en-US\",\"potentialAction\":[{\"@type\":\"ReadAction\",\"target\":[\"https:\/\/fethiyejenerator.com\/hizmetlerimiz\/\"]}]},{\"@type\":\"ImageObject\",\"inLanguage\":\"en-US\",\"@id\":\"https:\/\/fethiyejenerator.com\/hizmetlerimiz\/#primaryimage\",\"url\":\"http:\/\/fethiyejenerator.com\/wp-content\/uploads\/2024\/01\/jene-hizmet-1-copy.webp\",\"contentUrl\":\"http:\/\/fethiyejenerator.com\/wp-content\/uploads\/2024\/01\/jene-hizmet-1-copy.webp\"},{\"@type\":\"BreadcrumbList\",\"@id\":\"https:\/\/fethiyejenerator.com\/hizmetlerimiz\/#breadcrumb\",\"itemListElement\":[{\"@type\":\"ListItem\",\"position\":1,\"name\":\"Anasayfa\",\"item\":\"https:\/\/fethiyejenerator.com\/\"},{\"@type\":\"ListItem\",\"position\":2,\"name\":\"Hizmetlerimiz\"}]},{\"@type\":\"WebSite\",\"@id\":\"https:\/\/fethiyejenerator.com\/#website\",\"url\":\"https:\/\/fethiyejenerator.com\/\",\"name\":\"Fethiye Jenerat&ouml;r\",\"description\":\"Dizel ve Benzinli Jenerat&ouml;r Fiyat ve &Ccedil;e\u015fitleri\",\"potentialAction\":[{\"@type\":\"SearchAction\",\"target\":{\"@type\":\"EntryPoint\",\"urlTemplate\":\"https:\/\/fethiyejenerator.com\/?s={search_term_string}\"},\"query-input\":{\"@type\":\"PropertyValueSpecification\",\"valueRequired\":true,\"valueName\":\"search_term_string\"}}],\"inLanguage\":\"en-US\"}]}<\/script>\n<!-- \/ Yoast SEO plugin. -->","yoast_head_json":{"title":"Our Services - Fethiye Generator","description":"Diesel Generator, Portable Gasoline and Diesel Generator, Second Hand Generator, Lighted Generator, Trailer Generator Synchronization Panels","robots":{"index":"index","follow":"follow","max-snippet":"max-snippet:-1","max-image-preview":"max-image-preview:large","max-video-preview":"max-video-preview:-1"},"canonical":"https:\/\/fethiyejenerator.com\/en\/hizmetlerimiz\/","og_locale":"en_US","og_type":"article","og_title":"Hizmetlerimiz - Fethiye Jenerat&ouml;r","og_description":"Dizel Jenerat\u00f6r, Portatif Benzinli ve Dizel Jenerat\u00f6r, \u0130kinci El Jenerat\u00f6r, I\u015f\u0131kl\u0131 Jenerat\u00f6r, R\u00f6morklu Jenerat\u00f6r Senkronizasyon Panolar\u0131","og_url":"https:\/\/fethiyejenerator.com\/en\/hizmetlerimiz\/","og_site_name":"Fethiye Jenerat&ouml;r","article_modified_time":"2025-08-21T09:36:43+00:00","og_image":[{"url":"http:\/\/fethiyejenerator.com\/wp-content\/uploads\/2024\/01\/jene-hizmet-1-copy.webp","type":"","width":"","height":""}],"twitter_card":"summary_large_image","twitter_misc":{"Est. reading time":"2 minutes"},"schema":{"@context":"https:\/\/schema.org","@graph":[{"@type":"WebPage","@id":"https:\/\/fethiyejenerator.com\/hizmetlerimiz\/","url":"https:\/\/fethiyejenerator.com\/hizmetlerimiz\/","name":"Our Services - Fethiye Generator","isPartOf":{"@id":"https:\/\/fethiyejenerator.com\/#website"},"primaryImageOfPage":{"@id":"https:\/\/fethiyejenerator.com\/hizmetlerimiz\/#primaryimage"},"image":{"@id":"https:\/\/fethiyejenerator.com\/hizmetlerimiz\/#primaryimage"},"thumbnailUrl":"http:\/\/fethiyejenerator.com\/wp-content\/uploads\/2024\/01\/jene-hizmet-1-copy.webp","datePublished":"2024-01-08T09:36:48+00:00","dateModified":"2025-08-21T09:36:43+00:00","description":"Diesel Generator, Portable Gasoline and Diesel Generator, Second Hand Generator, Lighted Generator, Trailer Generator Synchronization Panels","breadcrumb":{"@id":"https:\/\/fethiyejenerator.com\/hizmetlerimiz\/#breadcrumb"},"inLanguage":"en-US","potentialAction":[{"@type":"ReadAction","target":["https:\/\/fethiyejenerator.com\/hizmetlerimiz\/"]}]},{"@type":"ImageObject","inLanguage":"en-US","@id":"https:\/\/fethiyejenerator.com\/hizmetlerimiz\/#primaryimage","url":"http:\/\/fethiyejenerator.com\/wp-content\/uploads\/2024\/01\/jene-hizmet-1-copy.webp","contentUrl":"http:\/\/fethiyejenerator.com\/wp-content\/uploads\/2024\/01\/jene-hizmet-1-copy.webp"},{"@type":"BreadcrumbList","@id":"https:\/\/fethiyejenerator.com\/hizmetlerimiz\/#breadcrumb","itemListElement":[{"@type":"ListItem","position":1,"name":"Anasayfa","item":"https:\/\/fethiyejenerator.com\/"},{"@type":"ListItem","position":2,"name":"Hizmetlerimiz"}]},{"@type":"WebSite","@id":"https:\/\/fethiyejenerator.com\/#website","url":"https:\/\/fethiyejenerator.com\/","name":"Fethiye Generator","description":"Diesel and Gasoline Generator Prices and Types","potentialAction":[{"@type":"SearchAction","target":{"@type":"EntryPoint","urlTemplate":"https:\/\/fethiyejenerator.com\/?s={search_term_string}"},"query-input":{"@type":"PropertyValueSpecification","valueRequired":true,"valueName":"search_term_string"}}],"inLanguage":"en-US"}]}},"_links":{"self":[{"href":"https:\/\/fethiyejenerator.com\/en\/wp-json\/wp\/v2\/pages\/61","targetHints":{"allow":["GET"]}}],"collection":[{"href":"https:\/\/fethiyejenerator.com\/en\/wp-json\/wp\/v2\/pages"}],"about":[{"href":"https:\/\/fethiyejenerator.com\/en\/wp-json\/wp\/v2\/types\/page"}],"author":[{"embeddable":true,"href":"https:\/\/fethiyejenerator.com\/en\/wp-json\/wp\/v2\/users\/1"}],"replies":[{"embeddable":true,"href":"https:\/\/fethiyejenerator.com\/en\/wp-json\/wp\/v2\/comments?post=61"}],"version-history":[{"count":31,"href":"https:\/\/fethiyejenerator.com\/en\/wp-json\/wp\/v2\/pages\/61\/revisions"}],"predecessor-version":[{"id":1290,"href":"https:\/\/fethiyejenerator.com\/en\/wp-json\/wp\/v2\/pages\/61\/revisions\/1290"}],"wp:attachment":[{"href":"https:\/\/fethiyejenerator.com\/en\/wp-json\/wp\/v2\/media?parent=61"}],"curies":[{"name":"wp","href":"https:\/\/api.w.org\/{rel}","templated":true}]}}