{"id":145,"date":"2024-01-08T11:49:55","date_gmt":"2024-01-08T11:49:55","guid":{"rendered":"http:\/\/fethiyejenerator.com\/?page_id=145"},"modified":"2025-08-21T12:39:09","modified_gmt":"2025-08-21T09:39:09","slug":"periyodik-bakim-ve-yedek-parca","status":"publish","type":"page","link":"https:\/\/fethiyejenerator.com\/en\/periyodik-bakim-ve-yedek-parca\/","title":{"rendered":"Periodic Maintenance and Spare Parts"},"content":{"rendered":"<div data-elementor-type=\"wp-page\" data-elementor-id=\"145\" class=\"elementor elementor-145\">\n\t\t\t\t\t\t<section class=\"elementor-section elementor-top-section elementor-element elementor-element-b77897a elementor-section-boxed elementor-section-height-default elementor-section-height-default\" data-id=\"b77897a\" data-element_type=\"section\" data-settings=\"{&quot;background_background&quot;:&quot;classic&quot;}\">\n\t\t\t\t\t\t\t<div class=\"elementor-background-overlay\"><\/div>\n\t\t\t\t\t\t\t<div class=\"elementor-container elementor-column-gap-default\">\n\t\t\t\t\t<div class=\"elementor-column elementor-col-100 elementor-top-column elementor-element elementor-element-b13e28f\" data-id=\"b13e28f\" data-element_type=\"column\">\n\t\t\t<div class=\"elementor-widget-wrap elementor-element-populated\">\n\t\t\t\t\t\t<div class=\"elementor-element elementor-element-695588d rivax-align-center elementor-widget rivax-divider-heading-widget\" data-id=\"695588d\" data-element_type=\"widget\" data-widget_type=\"rivax-divider-heading.default\">\n\t\t\t\t<div class=\"elementor-widget-container\">\n\t\t\t\t\t<div class=\"rivax-divider-heading-wrap\">\r\n    <div class=\"rivax-divider-heading divider-style-12\">\r\n        <div class=\"divider divider-1\"><\/div>\r\n        <div class=\"divider divider-2\"><\/div>\r\n        <h2 class=\"title\">\r\n                <span class=\"title-inner\">\r\n            <span class=\"title-text\">\r\n                                PERIODIC MAINTENANCE AND SPARE PARTS            <\/span>\r\n                    <\/span>\r\n            <\/h2>\r\n    <div class=\"divider divider-3\"><\/div>\r\n    <div class=\"divider divider-4\"><\/div>\r\n<\/div>\r\n<\/div>\r\n\r\n\t\t\t\t<\/div>\n\t\t\t\t<\/div>\n\t\t\t\t<div class=\"elementor-element elementor-element-ad046ee elementor-widget elementor-widget-heading\" data-id=\"ad046ee\" data-element_type=\"widget\" data-widget_type=\"heading.default\">\n\t\t\t\t<div class=\"elementor-widget-container\">\n\t\t\t\t\t<h2 class=\"elementor-heading-title elementor-size-default\">Home &gt; Our Services &gt; <strong style=\"color:#cc0000\">Periodic Maintenance and Spare Parts<\/strong><\/h2>\t\t\t\t<\/div>\n\t\t\t\t<\/div>\n\t\t\t\t\t<\/div>\n\t\t<\/div>\n\t\t\t\t\t<\/div>\n\t\t<\/section>\n\t\t\t\t<section class=\"elementor-section elementor-top-section elementor-element elementor-element-b31637b elementor-section-boxed elementor-section-height-default elementor-section-height-default\" data-id=\"b31637b\" data-element_type=\"section\">\n\t\t\t\t\t\t<div class=\"elementor-container elementor-column-gap-default\">\n\t\t\t\t\t<div class=\"elementor-column elementor-col-50 elementor-top-column elementor-element elementor-element-ea421d9\" data-id=\"ea421d9\" data-element_type=\"column\">\n\t\t\t<div class=\"elementor-widget-wrap elementor-element-populated\">\n\t\t\t\t\t\t<div class=\"elementor-element elementor-element-0fb8c50 elementor-widget elementor-widget-heading\" data-id=\"0fb8c50\" data-element_type=\"widget\" data-widget_type=\"heading.default\">\n\t\t\t\t<div class=\"elementor-widget-container\">\n\t\t\t\t\t<h2 class=\"elementor-heading-title elementor-size-default\">Periodic Maintenance<\/h2>\t\t\t\t<\/div>\n\t\t\t\t<\/div>\n\t\t\t\t<div class=\"elementor-element elementor-element-d83d773 elementor-widget elementor-widget-text-editor\" data-id=\"d83d773\" data-element_type=\"widget\" data-widget_type=\"text-editor.default\">\n\t\t\t\t<div class=\"elementor-widget-container\">\n\t\t\t\t\t\t\t\t\t<p class=\"font_8 wixui-rich-text__text\">Sat\u0131n alaca\u011f\u0131n\u0131z ya da ald\u0131\u011f\u0131n\u0131z jenerat\u00f6r setinin sorunsuz ve performansl\u0131 \u00e7al\u0131\u015fabilmesi ad\u0131na ayl\u0131k periyodik bak\u0131m anla\u015fmas\u0131 yapman\u0131z\u0131 \u00f6neririz. Ayl\u0131k periyodik bak\u0131m ile jenerat\u00f6r\u00fcn\u00fczde olu\u015fabilecek ar\u0131zalar \u00f6nceden g\u00f6r\u00fclerek, bir kesinti an\u0131nda jenerat\u00f6r\u00fcn\u00fcz\u00fcn ar\u0131za yap\u0131p sizi ma\u011fdur etmesini engellemi\u015f olursunuz. Periyodik bak\u0131m yapt\u0131ran m\u00fc\u015fterilerimiz olas\u0131 ar\u0131zalarda \u00fccretsiz servis ald\u0131klar\u0131 gibi, kullan\u0131lan malzeme \u00fccretlerini de %10 indirimli \u00f6derler. Ayr\u0131ca y\u0131ll\u0131k yap\u0131lmas\u0131 gereken genel bak\u0131mlarda kullan\u0131lan malzeme \u00fccretlerini de yine ayn\u0131 \u015fekilde %10 indirimli \u00f6derler. Periyodik bak\u0131ma gelen servisimiz jenerat\u00f6r testleri, g\u00f6zle kontrol, teknik kontrol, yak\u0131t kontrol\u00fc, jenerator temizli\u011fi yaparak yap\u0131lmas\u0131 gerekenleri m\u00fc\u015fteri onay\u0131ndan sonra yapar ya da m\u00fc\u015fterimizi bilgilendirir.<\/p><p class=\"font_8 wixui-rich-text__text\">We recommend that you do not make a periodic maintenance agreement without seeing our periodic maintenance prices and products that we have specially prepared for apartment buildings and public institutions. Just call us for detailed information.<\/p>\t\t\t\t\t\t\t\t<\/div>\n\t\t\t\t<\/div>\n\t\t\t\t\t<\/div>\n\t\t<\/div>\n\t\t\t\t<div class=\"elementor-column elementor-col-50 elementor-top-column elementor-element elementor-element-623628e\" data-id=\"623628e\" data-element_type=\"column\">\n\t\t\t<div class=\"elementor-widget-wrap elementor-element-populated\">\n\t\t\t\t\t\t<div class=\"elementor-element elementor-element-30a28f3 elementor-widget elementor-widget-image\" data-id=\"30a28f3\" data-element_type=\"widget\" data-widget_type=\"image.default\">\n\t\t\t\t<div class=\"elementor-widget-container\">\n\t\t\t\t\t\t\t\t\t\t\t\t\t\t\t<img fetchpriority=\"high\" decoding=\"async\" width=\"800\" height=\"684\" src=\"https:\/\/fethiyejenerator.com\/wp-content\/uploads\/2024\/01\/periyot-copy.webp\" class=\"attachment-large size-large wp-image-363\" alt=\"\" srcset=\"https:\/\/fethiyejenerator.com\/wp-content\/uploads\/2024\/01\/periyot-copy.webp 800w, https:\/\/fethiyejenerator.com\/wp-content\/uploads\/2024\/01\/periyot-copy-300x257.webp 300w, https:\/\/fethiyejenerator.com\/wp-content\/uploads\/2024\/01\/periyot-copy-768x657.webp 768w, https:\/\/fethiyejenerator.com\/wp-content\/uploads\/2024\/01\/periyot-copy-400x342.webp 400w, https:\/\/fethiyejenerator.com\/wp-content\/uploads\/2024\/01\/periyot-copy-700x599.webp 700w, https:\/\/fethiyejenerator.com\/wp-content\/uploads\/2024\/01\/periyot-copy-600x513.webp 600w\" sizes=\"(max-width: 800px) 100vw, 800px\" \/>\t\t\t\t\t\t\t\t\t\t\t\t\t\t\t<\/div>\n\t\t\t\t<\/div>\n\t\t\t\t\t<\/div>\n\t\t<\/div>\n\t\t\t\t\t<\/div>\n\t\t<\/section>\n\t\t\t\t<section class=\"elementor-section elementor-top-section elementor-element elementor-element-e405a1f elementor-section-boxed elementor-section-height-default elementor-section-height-default\" data-id=\"e405a1f\" data-element_type=\"section\">\n\t\t\t\t\t\t<div class=\"elementor-container elementor-column-gap-default\">\n\t\t\t\t\t<div class=\"elementor-column elementor-col-100 elementor-top-column elementor-element elementor-element-436e2f6\" data-id=\"436e2f6\" data-element_type=\"column\">\n\t\t\t<div class=\"elementor-widget-wrap elementor-element-populated\">\n\t\t\t\t\t\t<div class=\"elementor-element elementor-element-9950487 elementor-widget elementor-widget-heading\" data-id=\"9950487\" data-element_type=\"widget\" data-widget_type=\"heading.default\">\n\t\t\t\t<div class=\"elementor-widget-container\">\n\t\t\t\t\t<h2 class=\"elementor-heading-title elementor-size-default\">Spare Parts<\/h2>\t\t\t\t<\/div>\n\t\t\t\t<\/div>\n\t\t\t\t<div class=\"elementor-element elementor-element-6118937 elementor-widget elementor-widget-text-editor\" data-id=\"6118937\" data-element_type=\"widget\" data-widget_type=\"text-editor.default\">\n\t\t\t\t<div class=\"elementor-widget-container\">\n\t\t\t\t\t\t\t\t\t<p class=\"font_8 wixui-rich-text__text\">G\u00fc\u00e7bir Generator recommends using original spare parts. Because original spare parts are more compatible and durable. They have a long service life due to their long service life. Although original spare parts seem to be more expensive than copies at first glance, they provide low cost in the long run. As G\u00fc\u00e7bir Generator, we provide spare parts for the following products.<\/p>\t\t\t\t\t\t\t\t<\/div>\n\t\t\t\t<\/div>\n\t\t\t\t<div class=\"elementor-element elementor-element-3b7aeac elementor-icon-list--layout-traditional elementor-list-item-link-full_width elementor-widget elementor-widget-icon-list\" data-id=\"3b7aeac\" data-element_type=\"widget\" data-widget_type=\"icon-list.default\">\n\t\t\t\t<div class=\"elementor-widget-container\">\n\t\t\t\t\t\t\t<ul class=\"elementor-icon-list-items\">\n\t\t\t\t\t\t\t<li class=\"elementor-icon-list-item\">\n\t\t\t\t\t\t\t\t\t\t\t<span class=\"elementor-icon-list-icon\">\n\t\t\t\t\t\t\t<svg aria-hidden=\"true\" class=\"e-font-icon-svg e-fas-angle-double-right\" viewbox=\"0 0 448 512\" xmlns=\"http:\/\/www.w3.org\/2000\/svg\"><path d=\"M224.3 273l-136 136c-9.4 9.4-24.6 9.4-33.9 0l-22.6-22.6c-9.4-9.4-9.4-24.6 0-33.9l96.4-96.4-96.4-96.4c-9.4-9.4-9.4-24.6 0-33.9L54.3 103c9.4-9.4 24.6-9.4 33.9 0l136 136c9.5 9.4 9.5 24.6.1 34zm192-34l-136-136c-9.4-9.4-24.6-9.4-33.9 0l-22.6 22.6c-9.4 9.4-9.4 24.6 0 33.9l96.4 96.4-96.4 96.4c-9.4 9.4-9.4 24.6 0 33.9l22.6 22.6c9.4 9.4 24.6 9.4 33.9 0l136-136c9.4-9.2 9.4-24.4 0-33.8z\"><\/path><\/svg>\t\t\t\t\t\t<\/span>\n\t\t\t\t\t\t\t\t\t\t<span class=\"elementor-icon-list-text\">Ricardo Motor genuine spare parts<\/span>\n\t\t\t\t\t\t\t\t\t<\/li>\n\t\t\t\t\t\t\t\t<li class=\"elementor-icon-list-item\">\n\t\t\t\t\t\t\t\t\t\t\t<span class=\"elementor-icon-list-icon\">\n\t\t\t\t\t\t\t<svg aria-hidden=\"true\" class=\"e-font-icon-svg e-fas-angle-double-right\" viewbox=\"0 0 448 512\" xmlns=\"http:\/\/www.w3.org\/2000\/svg\"><path d=\"M224.3 273l-136 136c-9.4 9.4-24.6 9.4-33.9 0l-22.6-22.6c-9.4-9.4-9.4-24.6 0-33.9l96.4-96.4-96.4-96.4c-9.4-9.4-9.4-24.6 0-33.9L54.3 103c9.4-9.4 24.6-9.4 33.9 0l136 136c9.5 9.4 9.5 24.6.1 34zm192-34l-136-136c-9.4-9.4-24.6-9.4-33.9 0l-22.6 22.6c-9.4 9.4-9.4 24.6 0 33.9l96.4 96.4-96.4 96.4c-9.4 9.4-9.4 24.6 0 33.9l22.6 22.6c9.4 9.4 24.6 9.4 33.9 0l136-136c9.4-9.2 9.4-24.4 0-33.8z\"><\/path><\/svg>\t\t\t\t\t\t<\/span>\n\t\t\t\t\t\t\t\t\t\t<span class=\"elementor-icon-list-text\">Volvo Motor genuine spare parts<\/span>\n\t\t\t\t\t\t\t\t\t<\/li>\n\t\t\t\t\t\t\t\t<li class=\"elementor-icon-list-item\">\n\t\t\t\t\t\t\t\t\t\t\t<span class=\"elementor-icon-list-icon\">\n\t\t\t\t\t\t\t<svg aria-hidden=\"true\" class=\"e-font-icon-svg e-fas-angle-double-right\" viewbox=\"0 0 448 512\" xmlns=\"http:\/\/www.w3.org\/2000\/svg\"><path d=\"M224.3 273l-136 136c-9.4 9.4-24.6 9.4-33.9 0l-22.6-22.6c-9.4-9.4-9.4-24.6 0-33.9l96.4-96.4-96.4-96.4c-9.4-9.4-9.4-24.6 0-33.9L54.3 103c9.4-9.4 24.6-9.4 33.9 0l136 136c9.5 9.4 9.5 24.6.1 34zm192-34l-136-136c-9.4-9.4-24.6-9.4-33.9 0l-22.6 22.6c-9.4 9.4-9.4 24.6 0 33.9l96.4 96.4-96.4 96.4c-9.4 9.4-9.4 24.6 0 33.9l22.6 22.6c9.4 9.4 24.6 9.4 33.9 0l136-136c9.4-9.2 9.4-24.4 0-33.8z\"><\/path><\/svg>\t\t\t\t\t\t<\/span>\n\t\t\t\t\t\t\t\t\t\t<span class=\"elementor-icon-list-text\">Xenic Motor genuine spare parts<\/span>\n\t\t\t\t\t\t\t\t\t<\/li>\n\t\t\t\t\t\t\t\t<li class=\"elementor-icon-list-item\">\n\t\t\t\t\t\t\t\t\t\t\t<span class=\"elementor-icon-list-icon\">\n\t\t\t\t\t\t\t<svg aria-hidden=\"true\" class=\"e-font-icon-svg e-fas-angle-double-right\" viewbox=\"0 0 448 512\" xmlns=\"http:\/\/www.w3.org\/2000\/svg\"><path d=\"M224.3 273l-136 136c-9.4 9.4-24.6 9.4-33.9 0l-22.6-22.6c-9.4-9.4-9.4-24.6 0-33.9l96.4-96.4-96.4-96.4c-9.4-9.4-9.4-24.6 0-33.9L54.3 103c9.4-9.4 24.6-9.4 33.9 0l136 136c9.5 9.4 9.5 24.6.1 34zm192-34l-136-136c-9.4-9.4-24.6-9.4-33.9 0l-22.6 22.6c-9.4 9.4-9.4 24.6 0 33.9l96.4 96.4-96.4 96.4c-9.4 9.4-9.4 24.6 0 33.9l22.6 22.6c9.4 9.4 24.6 9.4 33.9 0l136-136c9.4-9.2 9.4-24.4 0-33.8z\"><\/path><\/svg>\t\t\t\t\t\t<\/span>\n\t\t\t\t\t\t\t\t\t\t<span class=\"elementor-icon-list-text\">Perkins Motor genuine spare parts<\/span>\n\t\t\t\t\t\t\t\t\t<\/li>\n\t\t\t\t\t\t\t\t<li class=\"elementor-icon-list-item\">\n\t\t\t\t\t\t\t\t\t\t\t<span class=\"elementor-icon-list-icon\">\n\t\t\t\t\t\t\t<svg aria-hidden=\"true\" class=\"e-font-icon-svg e-fas-angle-double-right\" viewbox=\"0 0 448 512\" xmlns=\"http:\/\/www.w3.org\/2000\/svg\"><path d=\"M224.3 273l-136 136c-9.4 9.4-24.6 9.4-33.9 0l-22.6-22.6c-9.4-9.4-9.4-24.6 0-33.9l96.4-96.4-96.4-96.4c-9.4-9.4-9.4-24.6 0-33.9L54.3 103c9.4-9.4 24.6-9.4 33.9 0l136 136c9.5 9.4 9.5 24.6.1 34zm192-34l-136-136c-9.4-9.4-24.6-9.4-33.9 0l-22.6 22.6c-9.4 9.4-9.4 24.6 0 33.9l96.4 96.4-96.4 96.4c-9.4 9.4-9.4 24.6 0 33.9l22.6 22.6c9.4 9.4 24.6 9.4 33.9 0l136-136c9.4-9.2 9.4-24.4 0-33.8z\"><\/path><\/svg>\t\t\t\t\t\t<\/span>\n\t\t\t\t\t\t\t\t\t\t<span class=\"elementor-icon-list-text\">Ftp Iveco Motor genuine spare parts<\/span>\n\t\t\t\t\t\t\t\t\t<\/li>\n\t\t\t\t\t\t\t\t<li class=\"elementor-icon-list-item\">\n\t\t\t\t\t\t\t\t\t\t\t<span class=\"elementor-icon-list-icon\">\n\t\t\t\t\t\t\t<svg aria-hidden=\"true\" class=\"e-font-icon-svg e-fas-angle-double-right\" viewbox=\"0 0 448 512\" xmlns=\"http:\/\/www.w3.org\/2000\/svg\"><path d=\"M224.3 273l-136 136c-9.4 9.4-24.6 9.4-33.9 0l-22.6-22.6c-9.4-9.4-9.4-24.6 0-33.9l96.4-96.4-96.4-96.4c-9.4-9.4-9.4-24.6 0-33.9L54.3 103c9.4-9.4 24.6-9.4 33.9 0l136 136c9.5 9.4 9.5 24.6.1 34zm192-34l-136-136c-9.4-9.4-24.6-9.4-33.9 0l-22.6 22.6c-9.4 9.4-9.4 24.6 0 33.9l96.4 96.4-96.4 96.4c-9.4 9.4-9.4 24.6 0 33.9l22.6 22.6c9.4 9.4 24.6 9.4 33.9 0l136-136c9.4-9.2 9.4-24.4 0-33.8z\"><\/path><\/svg>\t\t\t\t\t\t<\/span>\n\t\t\t\t\t\t\t\t\t\t<span class=\"elementor-icon-list-text\">Maranello Alternator original spare parts<\/span>\n\t\t\t\t\t\t\t\t\t<\/li>\n\t\t\t\t\t\t\t\t<li class=\"elementor-icon-list-item\">\n\t\t\t\t\t\t\t\t\t\t\t<span class=\"elementor-icon-list-icon\">\n\t\t\t\t\t\t\t<svg aria-hidden=\"true\" class=\"e-font-icon-svg e-fas-angle-double-right\" viewbox=\"0 0 448 512\" xmlns=\"http:\/\/www.w3.org\/2000\/svg\"><path d=\"M224.3 273l-136 136c-9.4 9.4-24.6 9.4-33.9 0l-22.6-22.6c-9.4-9.4-9.4-24.6 0-33.9l96.4-96.4-96.4-96.4c-9.4-9.4-9.4-24.6 0-33.9L54.3 103c9.4-9.4 24.6-9.4 33.9 0l136 136c9.5 9.4 9.5 24.6.1 34zm192-34l-136-136c-9.4-9.4-24.6-9.4-33.9 0l-22.6 22.6c-9.4 9.4-9.4 24.6 0 33.9l96.4 96.4-96.4 96.4c-9.4 9.4-9.4 24.6 0 33.9l22.6 22.6c9.4 9.4 24.6 9.4 33.9 0l136-136c9.4-9.2 9.4-24.4 0-33.8z\"><\/path><\/svg>\t\t\t\t\t\t<\/span>\n\t\t\t\t\t\t\t\t\t\t<span class=\"elementor-icon-list-text\">Control Panel original spare parts<\/span>\n\t\t\t\t\t\t\t\t\t<\/li>\n\t\t\t\t\t\t\t\t<li class=\"elementor-icon-list-item\">\n\t\t\t\t\t\t\t\t\t\t\t<span class=\"elementor-icon-list-icon\">\n\t\t\t\t\t\t\t<svg aria-hidden=\"true\" class=\"e-font-icon-svg e-fas-angle-double-right\" viewbox=\"0 0 448 512\" xmlns=\"http:\/\/www.w3.org\/2000\/svg\"><path d=\"M224.3 273l-136 136c-9.4 9.4-24.6 9.4-33.9 0l-22.6-22.6c-9.4-9.4-9.4-24.6 0-33.9l96.4-96.4-96.4-96.4c-9.4-9.4-9.4-24.6 0-33.9L54.3 103c9.4-9.4 24.6-9.4 33.9 0l136 136c9.5 9.4 9.5 24.6.1 34zm192-34l-136-136c-9.4-9.4-24.6-9.4-33.9 0l-22.6 22.6c-9.4 9.4-9.4 24.6 0 33.9l96.4 96.4-96.4 96.4c-9.4 9.4-9.4 24.6 0 33.9l22.6 22.6c9.4 9.4 24.6 9.4 33.9 0l136-136c9.4-9.2 9.4-24.4 0-33.8z\"><\/path><\/svg>\t\t\t\t\t\t<\/span>\n\t\t\t\t\t\t\t\t\t\t<span class=\"elementor-icon-list-text\">Chassis original spare parts<\/span>\n\t\t\t\t\t\t\t\t\t<\/li>\n\t\t\t\t\t\t\t\t<li class=\"elementor-icon-list-item\">\n\t\t\t\t\t\t\t\t\t\t\t<span class=\"elementor-icon-list-icon\">\n\t\t\t\t\t\t\t<svg aria-hidden=\"true\" class=\"e-font-icon-svg e-fas-angle-double-right\" viewbox=\"0 0 448 512\" xmlns=\"http:\/\/www.w3.org\/2000\/svg\"><path d=\"M224.3 273l-136 136c-9.4 9.4-24.6 9.4-33.9 0l-22.6-22.6c-9.4-9.4-9.4-24.6 0-33.9l96.4-96.4-96.4-96.4c-9.4-9.4-9.4-24.6 0-33.9L54.3 103c9.4-9.4 24.6-9.4 33.9 0l136 136c9.5 9.4 9.5 24.6.1 34zm192-34l-136-136c-9.4-9.4-24.6-9.4-33.9 0l-22.6 22.6c-9.4 9.4-9.4 24.6 0 33.9l96.4 96.4-96.4 96.4c-9.4 9.4-9.4 24.6 0 33.9l22.6 22.6c9.4 9.4 24.6 9.4 33.9 0l136-136c9.4-9.2 9.4-24.4 0-33.8z\"><\/path><\/svg>\t\t\t\t\t\t<\/span>\n\t\t\t\t\t\t\t\t\t\t<span class=\"elementor-icon-list-text\">Cabin original spare parts<\/span>\n\t\t\t\t\t\t\t\t\t<\/li>\n\t\t\t\t\t\t<\/ul>\n\t\t\t\t\t\t<\/div>\n\t\t\t\t<\/div>\n\t\t\t\t\t<\/div>\n\t\t<\/div>\n\t\t\t\t\t<\/div>\n\t\t<\/section>\n\t\t\t\t<\/div>","protected":false},"excerpt":{"rendered":"<p>PERIODIC MAINTENANCE AND SPARE PARTS Home &gt; Our Services &gt; Periodic Maintenance and Spare Parts Periodic Maintenance We recommend that you make a monthly periodic maintenance agreement in order to ensure that the generator set you will purchase or have purchased can operate smoothly and efficiently. With monthly periodic maintenance, you can see the malfunctions that may occur in your generator in advance and prevent your generator from malfunctioning and victimizing you in the event of an outage. [...]<\/p>","protected":false},"author":1,"featured_media":0,"parent":0,"menu_order":0,"comment_status":"closed","ping_status":"closed","template":"elementor_header_footer","meta":{"_themeisle_gutenberg_block_has_review":false,"footnotes":""},"class_list":["post-145","page","type-page","status-publish","hentry"],"yoast_head":"<!-- This site is optimized with the Yoast SEO plugin v25.8 - https:\/\/yoast.com\/wordpress\/plugins\/seo\/ -->\n<title>Periyodik Bak\u0131m ve Yedek Par\u00e7a - Fethiye Jenerat&ouml;r<\/title>\n<meta name=\"description\" content=\"Dizel Jenerat\u00f6r, Portatif Benzinli ve Dizel Jenerat\u00f6r, \u0130kinci El Jenerat\u00f6r, I\u015f\u0131kl\u0131 Jenerat\u00f6r, R\u00f6morklu Jenerat\u00f6r Senkronizasyon Panolar\u0131\" \/>\n<meta name=\"robots\" content=\"index, follow, max-snippet:-1, max-image-preview:large, max-video-preview:-1\" \/>\n<link rel=\"canonical\" href=\"https:\/\/fethiyejenerator.com\/en\/periyodik-bakim-ve-yedek-parca\/\" \/>\n<meta property=\"og:locale\" content=\"en_US\" \/>\n<meta property=\"og:type\" content=\"article\" \/>\n<meta property=\"og:title\" content=\"Periyodik Bak\u0131m ve Yedek Par\u00e7a - Fethiye Jenerat&ouml;r\" \/>\n<meta property=\"og:description\" content=\"Dizel Jenerat\u00f6r, Portatif Benzinli ve Dizel Jenerat\u00f6r, \u0130kinci El Jenerat\u00f6r, I\u015f\u0131kl\u0131 Jenerat\u00f6r, R\u00f6morklu Jenerat\u00f6r Senkronizasyon Panolar\u0131\" \/>\n<meta property=\"og:url\" content=\"https:\/\/fethiyejenerator.com\/en\/periyodik-bakim-ve-yedek-parca\/\" \/>\n<meta property=\"og:site_name\" content=\"Fethiye Jenerat&ouml;r\" \/>\n<meta property=\"article:modified_time\" content=\"2025-08-21T09:39:09+00:00\" \/>\n<meta property=\"og:image\" content=\"http:\/\/fethiyejenerator.com\/wp-content\/uploads\/2024\/01\/periyot-copy.webp\" \/>\n<meta name=\"twitter:card\" content=\"summary_large_image\" \/>\n<meta name=\"twitter:label1\" content=\"Est. reading time\" \/>\n\t<meta name=\"twitter:data1\" content=\"2 minutes\" \/>\n<script type=\"application\/ld+json\" class=\"yoast-schema-graph\">{\"@context\":\"https:\/\/schema.org\",\"@graph\":[{\"@type\":\"WebPage\",\"@id\":\"https:\/\/fethiyejenerator.com\/periyodik-bakim-ve-yedek-parca\/\",\"url\":\"https:\/\/fethiyejenerator.com\/periyodik-bakim-ve-yedek-parca\/\",\"name\":\"Periyodik Bak\u0131m ve Yedek Par\u00e7a - Fethiye Jenerat&ouml;r\",\"isPartOf\":{\"@id\":\"https:\/\/fethiyejenerator.com\/#website\"},\"primaryImageOfPage\":{\"@id\":\"https:\/\/fethiyejenerator.com\/periyodik-bakim-ve-yedek-parca\/#primaryimage\"},\"image\":{\"@id\":\"https:\/\/fethiyejenerator.com\/periyodik-bakim-ve-yedek-parca\/#primaryimage\"},\"thumbnailUrl\":\"http:\/\/fethiyejenerator.com\/wp-content\/uploads\/2024\/01\/periyot-copy.webp\",\"datePublished\":\"2024-01-08T11:49:55+00:00\",\"dateModified\":\"2025-08-21T09:39:09+00:00\",\"description\":\"Dizel Jenerat\u00f6r, Portatif Benzinli ve Dizel Jenerat\u00f6r, \u0130kinci El Jenerat\u00f6r, I\u015f\u0131kl\u0131 Jenerat\u00f6r, R\u00f6morklu Jenerat\u00f6r Senkronizasyon Panolar\u0131\",\"breadcrumb\":{\"@id\":\"https:\/\/fethiyejenerator.com\/periyodik-bakim-ve-yedek-parca\/#breadcrumb\"},\"inLanguage\":\"en-US\",\"potentialAction\":[{\"@type\":\"ReadAction\",\"target\":[\"https:\/\/fethiyejenerator.com\/periyodik-bakim-ve-yedek-parca\/\"]}]},{\"@type\":\"ImageObject\",\"inLanguage\":\"en-US\",\"@id\":\"https:\/\/fethiyejenerator.com\/periyodik-bakim-ve-yedek-parca\/#primaryimage\",\"url\":\"http:\/\/fethiyejenerator.com\/wp-content\/uploads\/2024\/01\/periyot-copy.webp\",\"contentUrl\":\"http:\/\/fethiyejenerator.com\/wp-content\/uploads\/2024\/01\/periyot-copy.webp\"},{\"@type\":\"BreadcrumbList\",\"@id\":\"https:\/\/fethiyejenerator.com\/periyodik-bakim-ve-yedek-parca\/#breadcrumb\",\"itemListElement\":[{\"@type\":\"ListItem\",\"position\":1,\"name\":\"Anasayfa\",\"item\":\"https:\/\/fethiyejenerator.com\/\"},{\"@type\":\"ListItem\",\"position\":2,\"name\":\"Periyodik Bak\u0131m ve Yedek Par\u00e7a\"}]},{\"@type\":\"WebSite\",\"@id\":\"https:\/\/fethiyejenerator.com\/#website\",\"url\":\"https:\/\/fethiyejenerator.com\/\",\"name\":\"Fethiye Jenerat&ouml;r\",\"description\":\"Dizel ve Benzinli Jenerat&ouml;r Fiyat ve &Ccedil;e\u015fitleri\",\"potentialAction\":[{\"@type\":\"SearchAction\",\"target\":{\"@type\":\"EntryPoint\",\"urlTemplate\":\"https:\/\/fethiyejenerator.com\/?s={search_term_string}\"},\"query-input\":{\"@type\":\"PropertyValueSpecification\",\"valueRequired\":true,\"valueName\":\"search_term_string\"}}],\"inLanguage\":\"en-US\"}]}<\/script>\n<!-- \/ Yoast SEO plugin. -->","yoast_head_json":{"title":"Periodic Maintenance and Spare Parts - Fethiye Generator","description":"Diesel Generator, Portable Gasoline and Diesel Generator, Second Hand Generator, Lighted Generator, Trailer Generator Synchronization Panels","robots":{"index":"index","follow":"follow","max-snippet":"max-snippet:-1","max-image-preview":"max-image-preview:large","max-video-preview":"max-video-preview:-1"},"canonical":"https:\/\/fethiyejenerator.com\/en\/periyodik-bakim-ve-yedek-parca\/","og_locale":"en_US","og_type":"article","og_title":"Periyodik Bak\u0131m ve Yedek Par\u00e7a - Fethiye Jenerat&ouml;r","og_description":"Dizel Jenerat\u00f6r, Portatif Benzinli ve Dizel Jenerat\u00f6r, \u0130kinci El Jenerat\u00f6r, I\u015f\u0131kl\u0131 Jenerat\u00f6r, R\u00f6morklu Jenerat\u00f6r Senkronizasyon Panolar\u0131","og_url":"https:\/\/fethiyejenerator.com\/en\/periyodik-bakim-ve-yedek-parca\/","og_site_name":"Fethiye Jenerat&ouml;r","article_modified_time":"2025-08-21T09:39:09+00:00","og_image":[{"url":"http:\/\/fethiyejenerator.com\/wp-content\/uploads\/2024\/01\/periyot-copy.webp","type":"","width":"","height":""}],"twitter_card":"summary_large_image","twitter_misc":{"Est. reading time":"2 minutes"},"schema":{"@context":"https:\/\/schema.org","@graph":[{"@type":"WebPage","@id":"https:\/\/fethiyejenerator.com\/periyodik-bakim-ve-yedek-parca\/","url":"https:\/\/fethiyejenerator.com\/periyodik-bakim-ve-yedek-parca\/","name":"Periodic Maintenance and Spare Parts - Fethiye Generator","isPartOf":{"@id":"https:\/\/fethiyejenerator.com\/#website"},"primaryImageOfPage":{"@id":"https:\/\/fethiyejenerator.com\/periyodik-bakim-ve-yedek-parca\/#primaryimage"},"image":{"@id":"https:\/\/fethiyejenerator.com\/periyodik-bakim-ve-yedek-parca\/#primaryimage"},"thumbnailUrl":"http:\/\/fethiyejenerator.com\/wp-content\/uploads\/2024\/01\/periyot-copy.webp","datePublished":"2024-01-08T11:49:55+00:00","dateModified":"2025-08-21T09:39:09+00:00","description":"Diesel Generator, Portable Gasoline and Diesel Generator, Second Hand Generator, Lighted Generator, Trailer Generator Synchronization Panels","breadcrumb":{"@id":"https:\/\/fethiyejenerator.com\/periyodik-bakim-ve-yedek-parca\/#breadcrumb"},"inLanguage":"en-US","potentialAction":[{"@type":"ReadAction","target":["https:\/\/fethiyejenerator.com\/periyodik-bakim-ve-yedek-parca\/"]}]},{"@type":"ImageObject","inLanguage":"en-US","@id":"https:\/\/fethiyejenerator.com\/periyodik-bakim-ve-yedek-parca\/#primaryimage","url":"http:\/\/fethiyejenerator.com\/wp-content\/uploads\/2024\/01\/periyot-copy.webp","contentUrl":"http:\/\/fethiyejenerator.com\/wp-content\/uploads\/2024\/01\/periyot-copy.webp"},{"@type":"BreadcrumbList","@id":"https:\/\/fethiyejenerator.com\/periyodik-bakim-ve-yedek-parca\/#breadcrumb","itemListElement":[{"@type":"ListItem","position":1,"name":"Anasayfa","item":"https:\/\/fethiyejenerator.com\/"},{"@type":"ListItem","position":2,"name":"Periyodik Bak\u0131m ve Yedek Par\u00e7a"}]},{"@type":"WebSite","@id":"https:\/\/fethiyejenerator.com\/#website","url":"https:\/\/fethiyejenerator.com\/","name":"Fethiye Generator","description":"Diesel and Gasoline Generator Prices and Types","potentialAction":[{"@type":"SearchAction","target":{"@type":"EntryPoint","urlTemplate":"https:\/\/fethiyejenerator.com\/?s={search_term_string}"},"query-input":{"@type":"PropertyValueSpecification","valueRequired":true,"valueName":"search_term_string"}}],"inLanguage":"en-US"}]}},"_links":{"self":[{"href":"https:\/\/fethiyejenerator.com\/en\/wp-json\/wp\/v2\/pages\/145","targetHints":{"allow":["GET"]}}],"collection":[{"href":"https:\/\/fethiyejenerator.com\/en\/wp-json\/wp\/v2\/pages"}],"about":[{"href":"https:\/\/fethiyejenerator.com\/en\/wp-json\/wp\/v2\/types\/page"}],"author":[{"embeddable":true,"href":"https:\/\/fethiyejenerator.com\/en\/wp-json\/wp\/v2\/users\/1"}],"replies":[{"embeddable":true,"href":"https:\/\/fethiyejenerator.com\/en\/wp-json\/wp\/v2\/comments?post=145"}],"version-history":[{"count":19,"href":"https:\/\/fethiyejenerator.com\/en\/wp-json\/wp\/v2\/pages\/145\/revisions"}],"predecessor-version":[{"id":1299,"href":"https:\/\/fethiyejenerator.com\/en\/wp-json\/wp\/v2\/pages\/145\/revisions\/1299"}],"wp:attachment":[{"href":"https:\/\/fethiyejenerator.com\/en\/wp-json\/wp\/v2\/media?parent=145"}],"curies":[{"name":"wp","href":"https:\/\/api.w.org\/{rel}","templated":true}]}}