{"id":125,"date":"2024-01-08T11:26:18","date_gmt":"2024-01-08T11:26:18","guid":{"rendered":"http:\/\/fethiyejenerator.com\/?page_id=125"},"modified":"2025-08-21T12:37:59","modified_gmt":"2025-08-21T09:37:59","slug":"jenerator-kiralama","status":"publish","type":"page","link":"https:\/\/fethiyejenerator.com\/en\/jenerator-kiralama\/","title":{"rendered":"Generator Rental"},"content":{"rendered":"<div data-elementor-type=\"wp-page\" data-elementor-id=\"125\" class=\"elementor elementor-125\">\n\t\t\t\t\t\t<section class=\"elementor-section elementor-top-section elementor-element elementor-element-b77897a elementor-section-boxed elementor-section-height-default elementor-section-height-default\" data-id=\"b77897a\" data-element_type=\"section\" data-settings=\"{&quot;background_background&quot;:&quot;classic&quot;}\">\n\t\t\t\t\t\t\t<div class=\"elementor-background-overlay\"><\/div>\n\t\t\t\t\t\t\t<div class=\"elementor-container elementor-column-gap-default\">\n\t\t\t\t\t<div class=\"elementor-column elementor-col-100 elementor-top-column elementor-element elementor-element-b13e28f\" data-id=\"b13e28f\" data-element_type=\"column\">\n\t\t\t<div class=\"elementor-widget-wrap elementor-element-populated\">\n\t\t\t\t\t\t<div class=\"elementor-element elementor-element-695588d rivax-align-center elementor-widget rivax-divider-heading-widget\" data-id=\"695588d\" data-element_type=\"widget\" data-widget_type=\"rivax-divider-heading.default\">\n\t\t\t\t<div class=\"elementor-widget-container\">\n\t\t\t\t\t<div class=\"rivax-divider-heading-wrap\">\r\n    <div class=\"rivax-divider-heading divider-style-12\">\r\n        <div class=\"divider divider-1\"><\/div>\r\n        <div class=\"divider divider-2\"><\/div>\r\n        <h2 class=\"title\">\r\n                <span class=\"title-inner\">\r\n            <span class=\"title-text\">\r\n                                GENERATOR RENTAL            <\/span>\r\n                    <\/span>\r\n            <\/h2>\r\n    <div class=\"divider divider-3\"><\/div>\r\n    <div class=\"divider divider-4\"><\/div>\r\n<\/div>\r\n<\/div>\r\n\r\n\t\t\t\t<\/div>\n\t\t\t\t<\/div>\n\t\t\t\t<div class=\"elementor-element elementor-element-ad046ee elementor-widget elementor-widget-heading\" data-id=\"ad046ee\" data-element_type=\"widget\" data-widget_type=\"heading.default\">\n\t\t\t\t<div class=\"elementor-widget-container\">\n\t\t\t\t\t<h2 class=\"elementor-heading-title elementor-size-default\">Home &gt; Our Services &gt; <strong style=\"color:#cc0000\">Generator Rental<\/strong><\/h2>\t\t\t\t<\/div>\n\t\t\t\t<\/div>\n\t\t\t\t\t<\/div>\n\t\t<\/div>\n\t\t\t\t\t<\/div>\n\t\t<\/section>\n\t\t\t\t<section class=\"elementor-section elementor-top-section elementor-element elementor-element-b31637b elementor-section-boxed elementor-section-height-default elementor-section-height-default\" data-id=\"b31637b\" data-element_type=\"section\">\n\t\t\t\t\t\t<div class=\"elementor-container elementor-column-gap-default\">\n\t\t\t\t\t<div class=\"elementor-column elementor-col-50 elementor-top-column elementor-element elementor-element-ea421d9\" data-id=\"ea421d9\" data-element_type=\"column\">\n\t\t\t<div class=\"elementor-widget-wrap elementor-element-populated\">\n\t\t\t\t\t\t<div class=\"elementor-element elementor-element-d83d773 elementor-widget elementor-widget-text-editor\" data-id=\"d83d773\" data-element_type=\"widget\" data-widget_type=\"text-editor.default\">\n\t\t\t\t<div class=\"elementor-widget-container\">\n\t\t\t\t\t\t\t\t\t<p class=\"font_8 wixui-rich-text__text\">The increase in the use of generators in recent years has led to the presence of generators in almost every home and workplace. The reason for this is that there is no information about when there will be a power outage today and there are power outages that will suddenly stop your work. However, not every person can afford to buy a new generator and have it installed in the required area of their home. For this reason\u00a0<strong>generator rental<\/strong>\u00a0service is provided by us and installation is carried out in the required area of your home for a certain period of time.<\/p><p>The generator rental service offered by G\u00fc\u00e7bir Generator continues to deliver generators with a power of 20 - 500 kWA. Contacting our company and asking us for an offer on price will make it easier for you to own a generator at affordable prices. The duration of the generator you will rent can be long or short in any way. Regardless of this period, we recommend that you get a price quote by contacting our company.<\/p>\t\t\t\t\t\t\t\t<\/div>\n\t\t\t\t<\/div>\n\t\t\t\t\t<\/div>\n\t\t<\/div>\n\t\t\t\t<div class=\"elementor-column elementor-col-50 elementor-top-column elementor-element elementor-element-623628e\" data-id=\"623628e\" data-element_type=\"column\">\n\t\t\t<div class=\"elementor-widget-wrap elementor-element-populated\">\n\t\t\t\t\t\t<div class=\"elementor-element elementor-element-30a28f3 elementor-widget elementor-widget-image\" data-id=\"30a28f3\" data-element_type=\"widget\" data-widget_type=\"image.default\">\n\t\t\t\t<div class=\"elementor-widget-container\">\n\t\t\t\t\t\t\t\t\t\t\t\t\t\t\t<img fetchpriority=\"high\" decoding=\"async\" width=\"800\" height=\"614\" src=\"https:\/\/fethiyejenerator.com\/wp-content\/uploads\/2024\/01\/jene-kira-copy.webp\" class=\"attachment-large size-large wp-image-355\" alt=\"\" srcset=\"https:\/\/fethiyejenerator.com\/wp-content\/uploads\/2024\/01\/jene-kira-copy.webp 800w, https:\/\/fethiyejenerator.com\/wp-content\/uploads\/2024\/01\/jene-kira-copy-300x230.webp 300w, https:\/\/fethiyejenerator.com\/wp-content\/uploads\/2024\/01\/jene-kira-copy-768x589.webp 768w, https:\/\/fethiyejenerator.com\/wp-content\/uploads\/2024\/01\/jene-kira-copy-400x307.webp 400w, https:\/\/fethiyejenerator.com\/wp-content\/uploads\/2024\/01\/jene-kira-copy-700x537.webp 700w, https:\/\/fethiyejenerator.com\/wp-content\/uploads\/2024\/01\/jene-kira-copy-600x461.webp 600w\" sizes=\"(max-width: 800px) 100vw, 800px\" \/>\t\t\t\t\t\t\t\t\t\t\t\t\t\t\t<\/div>\n\t\t\t\t<\/div>\n\t\t\t\t\t<\/div>\n\t\t<\/div>\n\t\t\t\t\t<\/div>\n\t\t<\/section>\n\t\t\t\t<section class=\"elementor-section elementor-top-section elementor-element elementor-element-59e441f elementor-section-boxed elementor-section-height-default elementor-section-height-default\" data-id=\"59e441f\" data-element_type=\"section\">\n\t\t\t\t\t\t<div class=\"elementor-container elementor-column-gap-default\">\n\t\t\t\t\t<div class=\"elementor-column elementor-col-100 elementor-top-column elementor-element elementor-element-4bd5fd0\" data-id=\"4bd5fd0\" data-element_type=\"column\">\n\t\t\t<div class=\"elementor-widget-wrap elementor-element-populated\">\n\t\t\t\t\t\t<div class=\"elementor-element elementor-element-bf73620 elementor-widget elementor-widget-heading\" data-id=\"bf73620\" data-element_type=\"widget\" data-widget_type=\"heading.default\">\n\t\t\t\t<div class=\"elementor-widget-container\">\n\t\t\t\t\t<h2 class=\"elementor-heading-title elementor-size-default\">\u279c Which Generators Does G\u00fc\u00e7bir Generator Rent?<\/h2>\t\t\t\t<\/div>\n\t\t\t\t<\/div>\n\t\t\t\t<div class=\"elementor-element elementor-element-f7d873c elementor-widget elementor-widget-text-editor\" data-id=\"f7d873c\" data-element_type=\"widget\" data-widget_type=\"text-editor.default\">\n\t\t\t\t<div class=\"elementor-widget-container\">\n\t\t\t\t\t\t\t\t\t<p class=\"font_8 wixui-rich-text__text\">Power by a generator, gasoline or <strong>diesel generator<\/strong>\u00a0You have the opportunity to rent any of the types for as long as you want. In this direction, it will be sufficient to contact us for any of the products listed below.<\/p>\t\t\t\t\t\t\t\t<\/div>\n\t\t\t\t<\/div>\n\t\t\t\t<div class=\"elementor-element elementor-element-721c98a elementor-icon-list--layout-traditional elementor-list-item-link-full_width elementor-widget elementor-widget-icon-list\" data-id=\"721c98a\" data-element_type=\"widget\" data-widget_type=\"icon-list.default\">\n\t\t\t\t<div class=\"elementor-widget-container\">\n\t\t\t\t\t\t\t<ul class=\"elementor-icon-list-items\">\n\t\t\t\t\t\t\t<li class=\"elementor-icon-list-item\">\n\t\t\t\t\t\t\t\t\t\t\t<span class=\"elementor-icon-list-icon\">\n\t\t\t\t\t\t\t<svg aria-hidden=\"true\" class=\"e-font-icon-svg e-fas-angle-double-right\" viewbox=\"0 0 448 512\" xmlns=\"http:\/\/www.w3.org\/2000\/svg\"><path d=\"M224.3 273l-136 136c-9.4 9.4-24.6 9.4-33.9 0l-22.6-22.6c-9.4-9.4-9.4-24.6 0-33.9l96.4-96.4-96.4-96.4c-9.4-9.4-9.4-24.6 0-33.9L54.3 103c9.4-9.4 24.6-9.4 33.9 0l136 136c9.5 9.4 9.5 24.6.1 34zm192-34l-136-136c-9.4-9.4-24.6-9.4-33.9 0l-22.6 22.6c-9.4 9.4-9.4 24.6 0 33.9l96.4 96.4-96.4 96.4c-9.4 9.4-9.4 24.6 0 33.9l22.6 22.6c9.4 9.4 24.6 9.4 33.9 0l136-136c9.4-9.2 9.4-24.4 0-33.8z\"><\/path><\/svg>\t\t\t\t\t\t<\/span>\n\t\t\t\t\t\t\t\t\t\t<span class=\"elementor-icon-list-text\">Generator with or without Cabin<\/span>\n\t\t\t\t\t\t\t\t\t<\/li>\n\t\t\t\t\t\t\t\t<li class=\"elementor-icon-list-item\">\n\t\t\t\t\t\t\t\t\t\t\t<span class=\"elementor-icon-list-icon\">\n\t\t\t\t\t\t\t<svg aria-hidden=\"true\" class=\"e-font-icon-svg e-fas-angle-double-right\" viewbox=\"0 0 448 512\" xmlns=\"http:\/\/www.w3.org\/2000\/svg\"><path d=\"M224.3 273l-136 136c-9.4 9.4-24.6 9.4-33.9 0l-22.6-22.6c-9.4-9.4-9.4-24.6 0-33.9l96.4-96.4-96.4-96.4c-9.4-9.4-9.4-24.6 0-33.9L54.3 103c9.4-9.4 24.6-9.4 33.9 0l136 136c9.5 9.4 9.5 24.6.1 34zm192-34l-136-136c-9.4-9.4-24.6-9.4-33.9 0l-22.6 22.6c-9.4 9.4-9.4 24.6 0 33.9l96.4 96.4-96.4 96.4c-9.4 9.4-9.4 24.6 0 33.9l22.6 22.6c9.4 9.4 24.6 9.4 33.9 0l136-136c9.4-9.2 9.4-24.4 0-33.8z\"><\/path><\/svg>\t\t\t\t\t\t<\/span>\n\t\t\t\t\t\t\t\t\t\t<span class=\"elementor-icon-list-text\">On Demand Short and Long Term Generator<\/span>\n\t\t\t\t\t\t\t\t\t<\/li>\n\t\t\t\t\t\t\t\t<li class=\"elementor-icon-list-item\">\n\t\t\t\t\t\t\t\t\t\t\t<span class=\"elementor-icon-list-icon\">\n\t\t\t\t\t\t\t<svg aria-hidden=\"true\" class=\"e-font-icon-svg e-fas-angle-double-right\" viewbox=\"0 0 448 512\" xmlns=\"http:\/\/www.w3.org\/2000\/svg\"><path d=\"M224.3 273l-136 136c-9.4 9.4-24.6 9.4-33.9 0l-22.6-22.6c-9.4-9.4-9.4-24.6 0-33.9l96.4-96.4-96.4-96.4c-9.4-9.4-9.4-24.6 0-33.9L54.3 103c9.4-9.4 24.6-9.4 33.9 0l136 136c9.5 9.4 9.5 24.6.1 34zm192-34l-136-136c-9.4-9.4-24.6-9.4-33.9 0l-22.6 22.6c-9.4 9.4-9.4 24.6 0 33.9l96.4 96.4-96.4 96.4c-9.4 9.4-9.4 24.6 0 33.9l22.6 22.6c9.4 9.4 24.6 9.4 33.9 0l136-136c9.4-9.2 9.4-24.4 0-33.8z\"><\/path><\/svg>\t\t\t\t\t\t<\/span>\n\t\t\t\t\t\t\t\t\t\t<span class=\"elementor-icon-list-text\">Truck Mounted Generator for Rent<\/span>\n\t\t\t\t\t\t\t\t\t<\/li>\n\t\t\t\t\t\t\t\t<li class=\"elementor-icon-list-item\">\n\t\t\t\t\t\t\t\t\t\t\t<span class=\"elementor-icon-list-icon\">\n\t\t\t\t\t\t\t<svg aria-hidden=\"true\" class=\"e-font-icon-svg e-fas-angle-double-right\" viewbox=\"0 0 448 512\" xmlns=\"http:\/\/www.w3.org\/2000\/svg\"><path d=\"M224.3 273l-136 136c-9.4 9.4-24.6 9.4-33.9 0l-22.6-22.6c-9.4-9.4-9.4-24.6 0-33.9l96.4-96.4-96.4-96.4c-9.4-9.4-9.4-24.6 0-33.9L54.3 103c9.4-9.4 24.6-9.4 33.9 0l136 136c9.5 9.4 9.5 24.6.1 34zm192-34l-136-136c-9.4-9.4-24.6-9.4-33.9 0l-22.6 22.6c-9.4 9.4-9.4 24.6 0 33.9l96.4 96.4-96.4 96.4c-9.4 9.4-9.4 24.6 0 33.9l22.6 22.6c9.4 9.4 24.6 9.4 33.9 0l136-136c9.4-9.2 9.4-24.4 0-33.8z\"><\/path><\/svg>\t\t\t\t\t\t<\/span>\n\t\t\t\t\t\t\t\t\t\t<span class=\"elementor-icon-list-text\">Truck Mounted Cabin Generator for Rent<\/span>\n\t\t\t\t\t\t\t\t\t<\/li>\n\t\t\t\t\t\t\t\t<li class=\"elementor-icon-list-item\">\n\t\t\t\t\t\t\t\t\t\t\t<span class=\"elementor-icon-list-icon\">\n\t\t\t\t\t\t\t<svg aria-hidden=\"true\" class=\"e-font-icon-svg e-fas-angle-double-right\" viewbox=\"0 0 448 512\" xmlns=\"http:\/\/www.w3.org\/2000\/svg\"><path d=\"M224.3 273l-136 136c-9.4 9.4-24.6 9.4-33.9 0l-22.6-22.6c-9.4-9.4-9.4-24.6 0-33.9l96.4-96.4-96.4-96.4c-9.4-9.4-9.4-24.6 0-33.9L54.3 103c9.4-9.4 24.6-9.4 33.9 0l136 136c9.5 9.4 9.5 24.6.1 34zm192-34l-136-136c-9.4-9.4-24.6-9.4-33.9 0l-22.6 22.6c-9.4 9.4-9.4 24.6 0 33.9l96.4 96.4-96.4 96.4c-9.4 9.4-9.4 24.6 0 33.9l22.6 22.6c9.4 9.4 24.6 9.4 33.9 0l136-136c9.4-9.2 9.4-24.4 0-33.8z\"><\/path><\/svg>\t\t\t\t\t\t<\/span>\n\t\t\t\t\t\t\t\t\t\t<span class=\"elementor-icon-list-text\">Vehicle, Technical Support and Rental Generator with Cabin<\/span>\n\t\t\t\t\t\t\t\t\t<\/li>\n\t\t\t\t\t\t<\/ul>\n\t\t\t\t\t\t<\/div>\n\t\t\t\t<\/div>\n\t\t\t\t<div class=\"elementor-element elementor-element-9eefbad elementor-widget elementor-widget-text-editor\" data-id=\"9eefbad\" data-element_type=\"widget\" data-widget_type=\"text-editor.default\">\n\t\t\t\t<div class=\"elementor-widget-container\">\n\t\t\t\t\t\t\t\t\t<p class=\"font_8 wixui-rich-text__text\">If you rent any of them, our installations will be made by our experienced staff who have been serving this sector for years. At the same time, you will be given instructions about the service you receive and you will be able to perform your usage process in line with these instructions without causing any damage. You should know that you will be offered technical support by our company, except for the fee, and thanks to this technical support, you can get the necessary help from our team who knows the generators in the best way in the slightest malfunction.<\/p>\t\t\t\t\t\t\t\t<\/div>\n\t\t\t\t<\/div>\n\t\t\t\t\t<\/div>\n\t\t<\/div>\n\t\t\t\t\t<\/div>\n\t\t<\/section>\n\t\t\t\t<\/div>","protected":false},"excerpt":{"rendered":"<p>GENERATOR RENTAL Home &gt; Our Services &gt; Generator Rental The increase in the use of generators in recent years has led to the presence of generators in almost every home and workplace. The reason for this is that today there is no information about when there will be a power outage and suddenly there are power outages that will stop your work. However, the economy of every person by buying a new generator is the necessary [...]<\/p>","protected":false},"author":1,"featured_media":0,"parent":0,"menu_order":0,"comment_status":"closed","ping_status":"closed","template":"elementor_header_footer","meta":{"_themeisle_gutenberg_block_has_review":false,"footnotes":""},"class_list":["post-125","page","type-page","status-publish","hentry"],"yoast_head":"<!-- This site is optimized with the Yoast SEO plugin v25.8 - https:\/\/yoast.com\/wordpress\/plugins\/seo\/ -->\n<title>Jenerat\u00f6r Kiralama - Fethiye Jenerat&ouml;r<\/title>\n<meta name=\"description\" content=\"Dizel Jenerat\u00f6r, Portatif Benzinli ve Dizel Jenerat\u00f6r, \u0130kinci El Jenerat\u00f6r, I\u015f\u0131kl\u0131 Jenerat\u00f6r, R\u00f6morklu Jenerat\u00f6r Senkronizasyon Panolar\u0131\" \/>\n<meta name=\"robots\" content=\"index, follow, max-snippet:-1, max-image-preview:large, max-video-preview:-1\" \/>\n<link rel=\"canonical\" href=\"https:\/\/fethiyejenerator.com\/en\/jenerator-kiralama\/\" \/>\n<meta property=\"og:locale\" content=\"en_US\" \/>\n<meta property=\"og:type\" content=\"article\" \/>\n<meta property=\"og:title\" content=\"Jenerat\u00f6r Kiralama - Fethiye Jenerat&ouml;r\" \/>\n<meta property=\"og:description\" content=\"Dizel Jenerat\u00f6r, Portatif Benzinli ve Dizel Jenerat\u00f6r, \u0130kinci El Jenerat\u00f6r, I\u015f\u0131kl\u0131 Jenerat\u00f6r, R\u00f6morklu Jenerat\u00f6r Senkronizasyon Panolar\u0131\" \/>\n<meta property=\"og:url\" content=\"https:\/\/fethiyejenerator.com\/en\/jenerator-kiralama\/\" \/>\n<meta property=\"og:site_name\" content=\"Fethiye Jenerat&ouml;r\" \/>\n<meta property=\"article:modified_time\" content=\"2025-08-21T09:37:59+00:00\" \/>\n<meta property=\"og:image\" content=\"http:\/\/fethiyejenerator.com\/wp-content\/uploads\/2024\/01\/jene-kira-copy.webp\" \/>\n<meta name=\"twitter:card\" content=\"summary_large_image\" \/>\n<meta name=\"twitter:label1\" content=\"Est. reading time\" \/>\n\t<meta name=\"twitter:data1\" content=\"2 minutes\" \/>\n<script type=\"application\/ld+json\" class=\"yoast-schema-graph\">{\"@context\":\"https:\/\/schema.org\",\"@graph\":[{\"@type\":\"WebPage\",\"@id\":\"https:\/\/fethiyejenerator.com\/jenerator-kiralama\/\",\"url\":\"https:\/\/fethiyejenerator.com\/jenerator-kiralama\/\",\"name\":\"Jenerat\u00f6r Kiralama - Fethiye Jenerat&ouml;r\",\"isPartOf\":{\"@id\":\"https:\/\/fethiyejenerator.com\/#website\"},\"primaryImageOfPage\":{\"@id\":\"https:\/\/fethiyejenerator.com\/jenerator-kiralama\/#primaryimage\"},\"image\":{\"@id\":\"https:\/\/fethiyejenerator.com\/jenerator-kiralama\/#primaryimage\"},\"thumbnailUrl\":\"http:\/\/fethiyejenerator.com\/wp-content\/uploads\/2024\/01\/jene-kira-copy.webp\",\"datePublished\":\"2024-01-08T11:26:18+00:00\",\"dateModified\":\"2025-08-21T09:37:59+00:00\",\"description\":\"Dizel Jenerat\u00f6r, Portatif Benzinli ve Dizel Jenerat\u00f6r, \u0130kinci El Jenerat\u00f6r, I\u015f\u0131kl\u0131 Jenerat\u00f6r, R\u00f6morklu Jenerat\u00f6r Senkronizasyon Panolar\u0131\",\"breadcrumb\":{\"@id\":\"https:\/\/fethiyejenerator.com\/jenerator-kiralama\/#breadcrumb\"},\"inLanguage\":\"en-US\",\"potentialAction\":[{\"@type\":\"ReadAction\",\"target\":[\"https:\/\/fethiyejenerator.com\/jenerator-kiralama\/\"]}]},{\"@type\":\"ImageObject\",\"inLanguage\":\"en-US\",\"@id\":\"https:\/\/fethiyejenerator.com\/jenerator-kiralama\/#primaryimage\",\"url\":\"http:\/\/fethiyejenerator.com\/wp-content\/uploads\/2024\/01\/jene-kira-copy.webp\",\"contentUrl\":\"http:\/\/fethiyejenerator.com\/wp-content\/uploads\/2024\/01\/jene-kira-copy.webp\"},{\"@type\":\"BreadcrumbList\",\"@id\":\"https:\/\/fethiyejenerator.com\/jenerator-kiralama\/#breadcrumb\",\"itemListElement\":[{\"@type\":\"ListItem\",\"position\":1,\"name\":\"Anasayfa\",\"item\":\"https:\/\/fethiyejenerator.com\/\"},{\"@type\":\"ListItem\",\"position\":2,\"name\":\"Jenerat\u00f6r Kiralama\"}]},{\"@type\":\"WebSite\",\"@id\":\"https:\/\/fethiyejenerator.com\/#website\",\"url\":\"https:\/\/fethiyejenerator.com\/\",\"name\":\"Fethiye Jenerat&ouml;r\",\"description\":\"Dizel ve Benzinli Jenerat&ouml;r Fiyat ve &Ccedil;e\u015fitleri\",\"potentialAction\":[{\"@type\":\"SearchAction\",\"target\":{\"@type\":\"EntryPoint\",\"urlTemplate\":\"https:\/\/fethiyejenerator.com\/?s={search_term_string}\"},\"query-input\":{\"@type\":\"PropertyValueSpecification\",\"valueRequired\":true,\"valueName\":\"search_term_string\"}}],\"inLanguage\":\"en-US\"}]}<\/script>\n<!-- \/ Yoast SEO plugin. -->","yoast_head_json":{"title":"Generator Rental - Fethiye Generator","description":"Diesel Generator, Portable Gasoline and Diesel Generator, Second Hand Generator, Lighted Generator, Trailer Generator Synchronization Panels","robots":{"index":"index","follow":"follow","max-snippet":"max-snippet:-1","max-image-preview":"max-image-preview:large","max-video-preview":"max-video-preview:-1"},"canonical":"https:\/\/fethiyejenerator.com\/en\/jenerator-kiralama\/","og_locale":"en_US","og_type":"article","og_title":"Jenerat\u00f6r Kiralama - Fethiye Jenerat&ouml;r","og_description":"Dizel Jenerat\u00f6r, Portatif Benzinli ve Dizel Jenerat\u00f6r, \u0130kinci El Jenerat\u00f6r, I\u015f\u0131kl\u0131 Jenerat\u00f6r, R\u00f6morklu Jenerat\u00f6r Senkronizasyon Panolar\u0131","og_url":"https:\/\/fethiyejenerator.com\/en\/jenerator-kiralama\/","og_site_name":"Fethiye Jenerat&ouml;r","article_modified_time":"2025-08-21T09:37:59+00:00","og_image":[{"url":"http:\/\/fethiyejenerator.com\/wp-content\/uploads\/2024\/01\/jene-kira-copy.webp","type":"","width":"","height":""}],"twitter_card":"summary_large_image","twitter_misc":{"Est. reading time":"2 minutes"},"schema":{"@context":"https:\/\/schema.org","@graph":[{"@type":"WebPage","@id":"https:\/\/fethiyejenerator.com\/jenerator-kiralama\/","url":"https:\/\/fethiyejenerator.com\/jenerator-kiralama\/","name":"Generator Rental - Fethiye Generator","isPartOf":{"@id":"https:\/\/fethiyejenerator.com\/#website"},"primaryImageOfPage":{"@id":"https:\/\/fethiyejenerator.com\/jenerator-kiralama\/#primaryimage"},"image":{"@id":"https:\/\/fethiyejenerator.com\/jenerator-kiralama\/#primaryimage"},"thumbnailUrl":"http:\/\/fethiyejenerator.com\/wp-content\/uploads\/2024\/01\/jene-kira-copy.webp","datePublished":"2024-01-08T11:26:18+00:00","dateModified":"2025-08-21T09:37:59+00:00","description":"Diesel Generator, Portable Gasoline and Diesel Generator, Second Hand Generator, Lighted Generator, Trailer Generator Synchronization Panels","breadcrumb":{"@id":"https:\/\/fethiyejenerator.com\/jenerator-kiralama\/#breadcrumb"},"inLanguage":"en-US","potentialAction":[{"@type":"ReadAction","target":["https:\/\/fethiyejenerator.com\/jenerator-kiralama\/"]}]},{"@type":"ImageObject","inLanguage":"en-US","@id":"https:\/\/fethiyejenerator.com\/jenerator-kiralama\/#primaryimage","url":"http:\/\/fethiyejenerator.com\/wp-content\/uploads\/2024\/01\/jene-kira-copy.webp","contentUrl":"http:\/\/fethiyejenerator.com\/wp-content\/uploads\/2024\/01\/jene-kira-copy.webp"},{"@type":"BreadcrumbList","@id":"https:\/\/fethiyejenerator.com\/jenerator-kiralama\/#breadcrumb","itemListElement":[{"@type":"ListItem","position":1,"name":"Anasayfa","item":"https:\/\/fethiyejenerator.com\/"},{"@type":"ListItem","position":2,"name":"Jenerat\u00f6r Kiralama"}]},{"@type":"WebSite","@id":"https:\/\/fethiyejenerator.com\/#website","url":"https:\/\/fethiyejenerator.com\/","name":"Fethiye Generator","description":"Diesel and Gasoline Generator Prices and Types","potentialAction":[{"@type":"SearchAction","target":{"@type":"EntryPoint","urlTemplate":"https:\/\/fethiyejenerator.com\/?s={search_term_string}"},"query-input":{"@type":"PropertyValueSpecification","valueRequired":true,"valueName":"search_term_string"}}],"inLanguage":"en-US"}]}},"_links":{"self":[{"href":"https:\/\/fethiyejenerator.com\/en\/wp-json\/wp\/v2\/pages\/125","targetHints":{"allow":["GET"]}}],"collection":[{"href":"https:\/\/fethiyejenerator.com\/en\/wp-json\/wp\/v2\/pages"}],"about":[{"href":"https:\/\/fethiyejenerator.com\/en\/wp-json\/wp\/v2\/types\/page"}],"author":[{"embeddable":true,"href":"https:\/\/fethiyejenerator.com\/en\/wp-json\/wp\/v2\/users\/1"}],"replies":[{"embeddable":true,"href":"https:\/\/fethiyejenerator.com\/en\/wp-json\/wp\/v2\/comments?post=125"}],"version-history":[{"count":25,"href":"https:\/\/fethiyejenerator.com\/en\/wp-json\/wp\/v2\/pages\/125\/revisions"}],"predecessor-version":[{"id":1293,"href":"https:\/\/fethiyejenerator.com\/en\/wp-json\/wp\/v2\/pages\/125\/revisions\/1293"}],"wp:attachment":[{"href":"https:\/\/fethiyejenerator.com\/en\/wp-json\/wp\/v2\/media?parent=125"}],"curies":[{"name":"wp","href":"https:\/\/api.w.org\/{rel}","templated":true}]}}